{"id":7447,"date":"2023-11-28T18:18:54","date_gmt":"2023-11-28T17:18:54","guid":{"rendered":"https:\/\/www.chateauartigny.com\/sitemaps\/"},"modified":"2024-10-25T11:16:07","modified_gmt":"2024-10-25T09:16:07","slug":"sitemaps","status":"publish","type":"page","link":"https:\/\/www.chateauartigny.com\/es\/sitemaps\/","title":{"rendered":"Sitemaps"},"content":{"rendered":"<p><div class=\"fusion-fullwidth fullwidth-box fusion-builder-row-1 fusion-flex-container has-pattern-background has-mask-background hundred-percent-fullwidth non-hundred-percent-height-scrolling fusion-no-small-visibility\" style=\"--awb-border-radius-top-left:0px;--awb-border-radius-top-right:0px;--awb-border-radius-bottom-right:0px;--awb-border-radius-bottom-left:0px;--awb-padding-top:0px;--awb-flex-wrap:wrap;\" ><div class=\"fusion-builder-row fusion-row fusion-flex-align-items-flex-start fusion-flex-content-wrap\" style=\"width:104% !important;max-width:104% !important;margin-left: calc(-4% \/ 2 );margin-right: calc(-4% \/ 2 );\"><\/div><\/div><div class=\"fusion-fullwidth fullwidth-box fusion-builder-row-2 fusion-flex-container has-pattern-background has-mask-background hundred-percent-fullwidth non-hundred-percent-height-scrolling fusion-no-small-visibility\" style=\"--awb-border-radius-top-left:0px;--awb-border-radius-top-right:0px;--awb-border-radius-bottom-right:0px;--awb-border-radius-bottom-left:0px;--awb-padding-right:37px;--awb-padding-bottom:9px;--awb-margin-bottom:0px;--awb-background-color:#d2d2d2;--awb-flex-wrap:wrap;\" ><div class=\"fusion-builder-row fusion-row fusion-flex-align-items-flex-start fusion-flex-content-wrap\" style=\"width:104% !important;max-width:104% !important;margin-left: calc(-4% \/ 2 );margin-right: calc(-4% \/ 2 );\"><div class=\"fusion-layout-column fusion_builder_column fusion-builder-column-0 fusion_builder_column_1_1 1_1 fusion-flex-column\" style=\"--awb-padding-top:28px;--awb-padding-right:25px;--awb-padding-left:25px;--awb-padding-left-small:0px;--awb-bg-color:#ffffff;--awb-bg-color-hover:#ffffff;--awb-bg-size:cover;--awb-width-large:100%;--awb-margin-top-large:27px;--awb-spacing-right-large:1.056%;--awb-margin-bottom-large:20px;--awb-spacing-left-large:1.92%;--awb-width-medium:100%;--awb-order-medium:0;--awb-spacing-right-medium:1.92%;--awb-spacing-left-medium:1.92%;--awb-width-small:100%;--awb-order-small:0;--awb-spacing-right-small:1.92%;--awb-spacing-left-small:1.92%;\"><div class=\"fusion-column-wrapper fusion-column-has-shadow fusion-flex-justify-content-flex-start fusion-content-layout-column\"><div class=\"wrap-html-sitemap sp-html-sitemap\"><div class=\"sp-wrap-cpt\"><h2 class=\"sp-cpt-name\">P\u00e1ginas<\/h2><ul class=\"sp-list-posts sp-cpt-hierarchical\"><li class=\"page_item page-item-42688\"><a href=\"https:\/\/www.chateauartigny.com\/es\/faq\/\">FAQ \u2013 Ch\u00e2teau d\u2019Artigny, H\u00f4tel 5 \u00e9toiles en Vall\u00e9e de la Loire<\/a><\/li><li class=\"page_item page-item-24935\"><a href=\"https:\/\/www.chateauartigny.com\/es\/reservar\/\">Reservar<\/a><\/li><li class=\"page_item page-item-30579\"><a href=\"https:\/\/www.chateauartigny.com\/es\/ideas-viajes\/\">Ideas para viajes<\/a><ul class='children'><li class=\"page_item page-item-30589\"><a href=\"https:\/\/www.chateauartigny.com\/es\/ideas-viajes\/ruta-de-3-dias-por-el-valle-del-loira-con-salida-de-paris\/\">Ruta de 3 d\u00edas por el Valle del Loira con salida de Par\u00eds<\/a><\/li><li class=\"page_item page-item-30593\"><a href=\"https:\/\/www.chateauartigny.com\/es\/ideas-viajes\/fin-de-semana-de-2-dias-en-el-valle-del-loira-desde-paris\/\">Fin de semana de 2 d\u00edas en el Valle del Loira desde Par\u00eds<\/a><\/li><li class=\"page_item page-item-30591\"><a href=\"https:\/\/www.chateauartigny.com\/es\/ideas-viajes\/circuitos-por-touraine\/\">Circuitos por Touraine<\/a><\/li><li class=\"page_item page-item-30587\"><a href=\"https:\/\/www.chateauartigny.com\/es\/ideas-viajes\/recorrido-de-3-dias-por-el-valle-del-loira-en-el-chateau-dartigny-montbazon\/\">Recorrido de 3 d\u00edas por el Valle del Loira en el chateau d&#8217;artigny montbazon<\/a><\/li><li class=\"page_item page-item-30585\"><a href=\"https:\/\/www.chateauartigny.com\/es\/ideas-viajes\/tour-de-2-dias-por-touraine-en-chateau-dartigny-montbazon\/\">Tour de 2 d\u00edas por Touraine en Ch\u00e2teau d&#8217;Artigny Montbazon<\/a><\/li><\/ul><\/li><li class=\"page_item page-item-11170\"><a href=\"https:\/\/www.chateauartigny.com\/es\/actividades\/\">Actividades<\/a><\/li><li class=\"page_item page-item-8070\"><a href=\"https:\/\/www.chateauartigny.com\/es\/spa-en-turena\/\">Spa en Turena<\/a><\/li><li class=\"page_item page-item-7447\"><a href=\"https:\/\/www.chateauartigny.com\/es\/sitemaps\/\">Sitemaps<\/a><\/li><li class=\"page_item page-item-7416\"><a href=\"https:\/\/www.chateauartigny.com\/es\/el-castillo\/\">El Castillo<\/a><\/li><li class=\"page_item page-item-6717\"><a href=\"https:\/\/www.chateauartigny.com\/es\/historia\/\">Historia<\/a><\/li><li class=\"page_item page-item-6709\"><a href=\"https:\/\/www.chateauartigny.com\/es\/contacto\/\">Contacto<\/a><\/li><li class=\"page_item page-item-6721\"><a href=\"https:\/\/www.chateauartigny.com\/es\/la-galeria\/\">La Galer\u00eda<\/a><\/li><li class=\"page_item page-item-6732\"><a href=\"https:\/\/www.chateauartigny.com\/es\/celebraciones\/\">Celebraciones<\/a><\/li><li class=\"page_item page-item-6749\"><a href=\"https:\/\/www.chateauartigny.com\/es\/spa\/\">Spa<\/a><\/li><li class=\"page_item page-item-6687\"><a href=\"https:\/\/www.chateauartigny.com\/es\/habitaciones\/\">Habitaciones<\/a><\/li><li class=\"page_item page-item-6724\"><a href=\"https:\/\/www.chateauartigny.com\/es\/el-restaurante\/\">El restaurante<\/a><\/li><li class=\"page_item page-item-6701\"><a href=\"https:\/\/www.chateauartigny.com\/es\/\">Accueil ES<\/a><\/li><\/ul><\/div><div class=\"sp-wrap-cpt\"><h2 class=\"sp-cpt-name\">Events<\/h2><div class=\"sp-archive-link\"><a href=\"https:\/\/www.chateauartigny.com\/es\/ofertas\/\">Ver todas las events<\/a><\/div><\/div><div class=\"sp-wrap-cpt\"><h2 class=\"sp-cpt-name\">Portfolio<\/h2><div class=\"sp-archive-link\"><a href=\"https:\/\/www.chateauartigny.com\/es\/quedarse-ideas\/\">Ver todas las portfolio<\/a><\/div><ul class=\"sp-list-posts\"><li><a href=\"https:\/\/www.chateauartigny.com\/es\/quedarse-ideas\/ideas-de-actividades-para-dos-dias-en-el-valle-del-loira\/\">ideas de actividades para dos d\u00edas en el Valle del Loira<\/a><\/li><li><a href=\"https:\/\/www.chateauartigny.com\/es\/quedarse-ideas\/itinerario-de-3-dias-para-descubrir-el-valle-del-loira-alojandose-en-el-lujoso-chateau-dartigny-en-montbazon\/\">Itinerario de 3 d\u00edas para descubrir el Valle del Loira, aloj\u00e1ndose en el lujoso Ch\u00e2teau d&#8217;Artigny en Montbazon<\/a><\/li><li><a href=\"https:\/\/www.chateauartigny.com\/es\/quedarse-ideas\/itinerario-de-2-dias-para-descubrir-touraine-alojandose-en-el-lujoso-chateau-dartigny\/\">Itinerario de 2 d\u00edas para descubrir Touraine aloj\u00e1ndose en el lujoso Ch\u00e2teau d&#8217;Artigny<\/a><\/li><li><a href=\"https:\/\/www.chateauartigny.com\/es\/quedarse-ideas\/destinos-imprescindibles-en-centre-val-de-loire\/\">Destinos imprescindibles en Centre-Val de Loire<\/a><\/li><li><a href=\"https:\/\/www.chateauartigny.com\/es\/quedarse-ideas\/principales-atracciones-de-centre-val-de-loire\/\">Principales atracciones de Centre-Val de Loire<\/a><\/li><li><a href=\"https:\/\/www.chateauartigny.com\/es\/quedarse-ideas\/lugares-de-visita-obligada-en-centre-val-de-loire\/\">Lugares de visita obligada en Centre-Val de Loire<\/a><\/li><li><a href=\"https:\/\/www.chateauartigny.com\/es\/quedarse-ideas\/descubra-las-ventajas-de-alojarse-en-el-chateau-dartigny\/\">Descubra las ventajas de alojarse en el Ch\u00e2teau d&#8217;Artigny<\/a><\/li><li><a href=\"https:\/\/www.chateauartigny.com\/es\/quedarse-ideas\/descubra-las-ventajas-de-la-estancia-unica-en-chateau-dartigny\/\">Descubra las ventajas de la estancia \u00fanica en Chateau d&#8217;Artigny<\/a><\/li><li><a href=\"https:\/\/www.chateauartigny.com\/es\/quedarse-ideas\/discover-the-advantages-of-staying-at-chateau-dartigny\/\">Discover the Advantages of Staying at Ch\u00e2teau d\u2019Artigny<\/a><\/li><li><a href=\"https:\/\/www.chateauartigny.com\/es\/quedarse-ideas\/vivir-la-vida-de-un-castillo-en-el-chateau-dartigny-en-touraine\/\">Vivir la vida de un castillo en el Ch\u00e2teau d&#8217;Artigny, en Touraine<\/a><\/li><li><a href=\"https:\/\/www.chateauartigny.com\/es\/quedarse-ideas\/ideas-turisticas-para-visitantes-cerca-de-tours\/\">Ideas tur\u00edsticas para visitantes cerca de Tours<\/a><\/li><li><a href=\"https:\/\/www.chateauartigny.com\/es\/quedarse-ideas\/ideas-turisticas-para-visitantes-alojados-en-el-castillo-de-artigny-cerca-de-tours\/\">Ideas tur\u00edsticas para visitantes alojados en el castillo de Artigny, cerca de Tours<\/a><\/li><li><a href=\"https:\/\/www.chateauartigny.com\/es\/quedarse-ideas\/ideas-turisticas-en-torno-a-los-viajes\/\">Ideas tur\u00edsticas en torno a los viajes<\/a><\/li><li><a href=\"https:\/\/www.chateauartigny.com\/es\/quedarse-ideas\/ideas-turisticas-en-torno-a-tours-mientras-disfruta-de-chateau-dartigny\/\">Ideas tur\u00edsticas en torno a Tours mientras disfruta de Ch\u00e2teau d&#8217;Artigny<\/a><\/li><li><a href=\"https:\/\/www.chateauartigny.com\/es\/quedarse-ideas\/visitas-al-parque-de-touraine\/\">Visitas al parque de Touraine<\/a><\/li><li><a href=\"https:\/\/www.chateauartigny.com\/es\/quedarse-ideas\/experiencias-gourmet-en-touraine\/\">Experiencias gourmet en Touraine<\/a><\/li><li><a href=\"https:\/\/www.chateauartigny.com\/es\/quedarse-ideas\/paseos-en-barco-desde-tours-mientras-disfruta-del-chateau-dartigny\/\">Paseos en barco desde Tours mientras disfruta del Ch\u00e2teau d\u2019Artigny<\/a><\/li><li><a href=\"https:\/\/www.chateauartigny.com\/es\/quedarse-ideas\/bodega-de-vinos-en-tours-mientras-disfruta-del-chateau-dartigny\/\">Bodega de vinos en Tours mientras disfruta del Ch\u00e2teau d\u2019Artigny<\/a><\/li><li><a href=\"https:\/\/www.chateauartigny.com\/es\/quedarse-ideas\/ideas-de-visitas-turisticas-en-los-alrededores-de-chateau-dartigny\/\">Ideas de visitas tur\u00edsticas en los alrededores de Ch\u00e2teau d&#8217;Artigny<\/a><\/li><li><a href=\"https:\/\/www.chateauartigny.com\/es\/quedarse-ideas\/ofrece-varias-ventajas-a-los-turistas\/\">Ofrece varias ventajas a los turistas<\/a><\/li><li><a href=\"https:\/\/www.chateauartigny.com\/es\/quedarse-ideas\/escapada-romantica-al-chateau-dartigny\/\">Escapada rom\u00e1ntica al Ch\u00e2teau d&#8217;Artigny<\/a><\/li><li><a href=\"https:\/\/www.chateauartigny.com\/es\/quedarse-ideas\/escapada-familiar-a-chateau-dartigny\/\">Escapada familiar a Ch\u00e2teau d&#8217;Artigny<\/a><\/li><li><a href=\"https:\/\/www.chateauartigny.com\/es\/quedarse-ideas\/escapada-familiar-a-chateau-dartigny-desde-paris\/\">Escapada familiar a Ch\u00e2teau d&#8217;Artigny desde Par\u00eds<\/a><\/li><li><a href=\"https:\/\/www.chateauartigny.com\/es\/quedarse-ideas\/ideas-de-estancias-en-el-castillo-de-artigny-desde-paris\/\">Ideas de estancias en el castillo de Artigny desde Par\u00eds<\/a><\/li><li><a href=\"https:\/\/www.chateauartigny.com\/es\/quedarse-ideas\/ideas-en-chateau-dartigny-desde-paris-para-viajeros-espanoles\/\">Ideas en Ch\u00e2teau d&#8217;Artigny desde Par\u00eds para viajeros espa\u00f1oles<\/a><\/li><li><a href=\"https:\/\/www.chateauartigny.com\/es\/quedarse-ideas\/lujoso-e-historico-castillo-situado-en-el-valle-del-loira-frances\/\">lujoso e hist\u00f3rico castillo situado en el Valle del Loira franc\u00e9s<\/a><\/li><\/ul><\/div><\/div><\/div><\/div><\/div><\/div><\/p>\n","protected":false},"excerpt":{"rendered":"","protected":false},"author":1,"featured_media":0,"parent":0,"menu_order":0,"comment_status":"open","ping_status":"closed","template":"100-width.php","meta":{"_seopress_robots_primary_cat":"","_seopress_titles_title":"Descubre Ch\u00e2teau d'Artigny: Lujo y Elegancia en Loire","_seopress_titles_desc":"Descubre Ch\u00e2teau d'Artigny: lujo, historia y encanto en el Valle del Loira. Tu escapada perfecta en un entorno incomparable. \u00a1Reserva ahora!","_seopress_robots_index":"","footnotes":""},"class_list":["post-7447","page","type-page","status-publish","hentry"],"_links":{"self":[{"href":"https:\/\/www.chateauartigny.com\/es\/wp-json\/wp\/v2\/pages\/7447","targetHints":{"allow":["GET"]}}],"collection":[{"href":"https:\/\/www.chateauartigny.com\/es\/wp-json\/wp\/v2\/pages"}],"about":[{"href":"https:\/\/www.chateauartigny.com\/es\/wp-json\/wp\/v2\/types\/page"}],"author":[{"embeddable":true,"href":"https:\/\/www.chateauartigny.com\/es\/wp-json\/wp\/v2\/users\/1"}],"replies":[{"embeddable":true,"href":"https:\/\/www.chateauartigny.com\/es\/wp-json\/wp\/v2\/comments?post=7447"}],"version-history":[{"count":1,"href":"https:\/\/www.chateauartigny.com\/es\/wp-json\/wp\/v2\/pages\/7447\/revisions"}],"predecessor-version":[{"id":7449,"href":"https:\/\/www.chateauartigny.com\/es\/wp-json\/wp\/v2\/pages\/7447\/revisions\/7449"}],"wp:attachment":[{"href":"https:\/\/www.chateauartigny.com\/es\/wp-json\/wp\/v2\/media?parent=7447"}],"curies":[{"name":"wp","href":"https:\/\/api.w.org\/{rel}","templated":true}]}}