{"id":7444,"date":"2023-11-28T18:18:54","date_gmt":"2023-11-28T17:18:54","guid":{"rendered":"https:\/\/www.chateauartigny.com\/sitemaps\/"},"modified":"2023-11-28T18:28:51","modified_gmt":"2023-11-28T17:28:51","slug":"sitemaps","status":"publish","type":"page","link":"https:\/\/www.chateauartigny.com\/en\/sitemaps\/","title":{"rendered":"Sitemaps"},"content":{"rendered":"<p><div class=\"fusion-fullwidth fullwidth-box fusion-builder-row-1 fusion-flex-container has-pattern-background has-mask-background hundred-percent-fullwidth non-hundred-percent-height-scrolling fusion-no-small-visibility\" style=\"--awb-border-radius-top-left:0px;--awb-border-radius-top-right:0px;--awb-border-radius-bottom-right:0px;--awb-border-radius-bottom-left:0px;--awb-padding-top:0px;--awb-flex-wrap:wrap;\" ><div class=\"fusion-builder-row fusion-row fusion-flex-align-items-flex-start fusion-flex-content-wrap\" style=\"width:104% !important;max-width:104% !important;margin-left: calc(-4% \/ 2 );margin-right: calc(-4% \/ 2 );\"><\/div><\/div><div class=\"fusion-fullwidth fullwidth-box fusion-builder-row-2 fusion-flex-container has-pattern-background has-mask-background hundred-percent-fullwidth non-hundred-percent-height-scrolling fusion-no-small-visibility\" style=\"--awb-border-radius-top-left:0px;--awb-border-radius-top-right:0px;--awb-border-radius-bottom-right:0px;--awb-border-radius-bottom-left:0px;--awb-padding-right:37px;--awb-padding-bottom:9px;--awb-margin-bottom:0px;--awb-background-color:#d2d2d2;--awb-flex-wrap:wrap;\" ><div class=\"fusion-builder-row fusion-row fusion-flex-align-items-flex-start fusion-flex-content-wrap\" style=\"width:104% !important;max-width:104% !important;margin-left: calc(-4% \/ 2 );margin-right: calc(-4% \/ 2 );\"><div class=\"fusion-layout-column fusion_builder_column fusion-builder-column-0 fusion_builder_column_1_1 1_1 fusion-flex-column\" style=\"--awb-padding-top:28px;--awb-padding-right:25px;--awb-padding-left:25px;--awb-padding-left-small:0px;--awb-bg-color:#ffffff;--awb-bg-color-hover:#ffffff;--awb-bg-size:cover;--awb-width-large:100%;--awb-margin-top-large:27px;--awb-spacing-right-large:1.056%;--awb-margin-bottom-large:20px;--awb-spacing-left-large:1.92%;--awb-width-medium:100%;--awb-order-medium:0;--awb-spacing-right-medium:1.92%;--awb-spacing-left-medium:1.92%;--awb-width-small:100%;--awb-order-small:0;--awb-spacing-right-small:1.92%;--awb-spacing-left-small:1.92%;\"><div class=\"fusion-column-wrapper fusion-column-has-shadow fusion-flex-justify-content-flex-start fusion-content-layout-column\"><div class=\"wrap-html-sitemap sp-html-sitemap\"><div class=\"sp-wrap-cpt\"><h2 class=\"sp-cpt-name\">Pages<\/h2><ul class=\"sp-list-posts sp-cpt-hierarchical\"><li class=\"page_item page-item-39482\"><a href=\"https:\/\/www.chateauartigny.com\/en\/faq\/\">FAQ \u2013 Ch\u00e2teau d\u2019Artigny, H\u00f4tel 5 \u00e9toiles en Vall\u00e9e de la Loire<\/a><\/li><li class=\"page_item page-item-39289\"><a href=\"https:\/\/www.chateauartigny.com\/en\/accueil-2025-v5\/\">Accueil 2025 v5<\/a><\/li><li class=\"page_item page-item-33062\"><a href=\"https:\/\/www.chateauartigny.com\/en\/kids-club-their-summer-kingdom\/\">Kids&#8217; Club: their summer kingdom<\/a><\/li><li class=\"page_item page-item-32838\"><a href=\"https:\/\/www.chateauartigny.com\/en\/new-for-summer-2025\/\">New for summer 2025: Padel &#038; Tennis courts, new outdoor swimming pool<\/a><ul class='children'><li class=\"page_item page-item-32815\"><a href=\"https:\/\/www.chateauartigny.com\/en\/new-for-summer-2025\/new-outdoor-pool-at-chateau-dartigny\/\">New Outdoor Pool at Ch\u00e2teau d\u2019Artigny<\/a><\/li><li class=\"page_item page-item-30984\"><a href=\"https:\/\/www.chateauartigny.com\/en\/new-for-summer-2025\/new-padel-courts-at-chateau-dartigny\/\">New padel courts at Ch\u00e2teau d&#8217;Artigny<\/a><\/li><\/ul><\/li><li class=\"page_item page-item-23061\"><a href=\"https:\/\/www.chateauartigny.com\/en\/booking\/\">R\u00e9servation<\/a><\/li><li class=\"page_item page-item-22728\"><a href=\"https:\/\/www.chateauartigny.com\/en\/loire-valley-tour-ideas\/\">Loire Valley Tour Ideas<\/a><ul class='children'><li class=\"page_item page-item-22831\"><a href=\"https:\/\/www.chateauartigny.com\/en\/loire-valley-tour-ideas\/3-day-loire-valley-tour-from-paris\/\">3-day Loire Valley tour from Paris<\/a><\/li><li class=\"page_item page-item-22837\"><a href=\"https:\/\/www.chateauartigny.com\/en\/loire-valley-tour-ideas\/2-day-weekend-in-the-loire-valley-from-paris\/\">2-day weekend in the Loire Valley from Paris<\/a><\/li><li class=\"page_item page-item-22834\"><a href=\"https:\/\/www.chateauartigny.com\/en\/loire-valley-tour-ideas\/circuits-in-touraine\/\">Circuits in Touraine<\/a><\/li><li class=\"page_item page-item-22827\"><a href=\"https:\/\/www.chateauartigny.com\/en\/loire-valley-tour-ideas\/3-day-loire-valley-tour-at-the-chateau-dartigny-montbazon\/\">3-day Loire Valley tour at the chateau d&#8217;artigny montbazon<\/a><\/li><li class=\"page_item page-item-22737\"><a href=\"https:\/\/www.chateauartigny.com\/en\/loire-valley-tour-ideas\/2-day-tour-of-touraine-at-chateau-dartigny-montbazon\/\">2-day Tour of Touraine at Ch\u00e2teau d&#8217;Artigny Montbazon<\/a><\/li><\/ul><\/li><li class=\"page_item page-item-11168\"><a href=\"https:\/\/www.chateauartigny.com\/en\/activities\/\">Activities<\/a><\/li><li class=\"page_item page-item-8068\"><a href=\"https:\/\/www.chateauartigny.com\/en\/spa-in-touraine\/\">Spa in Touraine<\/a><\/li><li class=\"page_item page-item-7444\"><a href=\"https:\/\/www.chateauartigny.com\/en\/sitemaps\/\">Sitemaps<\/a><\/li><li class=\"page_item page-item-7360\"><a href=\"https:\/\/www.chateauartigny.com\/en\/the-castle\/\">The Castle<\/a><\/li><li class=\"page_item page-item-43579\"><a href=\"https:\/\/www.chateauartigny.com\/en\/spa-contact\/\">Contact Spa<\/a><\/li><li class=\"page_item page-item-6005\"><a href=\"https:\/\/www.chateauartigny.com\/en\/the-seminars\/\">The seminars<\/a><\/li><li class=\"page_item page-item-4462\"><a href=\"https:\/\/www.chateauartigny.com\/en\/history\/\">History<\/a><\/li><li class=\"page_item page-item-4465\"><a href=\"https:\/\/www.chateauartigny.com\/en\/newsletter-subscription\/\">Newsletter subscription<\/a><\/li><li class=\"page_item page-item-4508\"><a href=\"https:\/\/www.chateauartigny.com\/en\/calendar-and-offers\/\">Calendar and Offers<\/a><ul class='children'><li class=\"page_item page-item-22931\"><a href=\"https:\/\/www.chateauartigny.com\/en\/calendar-and-offers\/christmas-new-year-offers\/\">Christmas &#038; New Year offers<\/a><\/li><li class=\"page_item page-item-22941\"><a href=\"https:\/\/www.chateauartigny.com\/en\/calendar-and-offers\/christmas-in-touraine\/\">Christmas in Touraine<\/a><\/li><li class=\"page_item page-item-24927\"><a href=\"https:\/\/www.chateauartigny.com\/en\/calendar-and-offers\/tourism\/\">Tourism<\/a><\/li><\/ul><\/li><li class=\"page_item page-item-4502\"><a href=\"https:\/\/www.chateauartigny.com\/en\/legal-notice\/\">Legal Notice<\/a><\/li><li class=\"page_item page-item-4512\"><a href=\"https:\/\/www.chateauartigny.com\/en\/covid\/\">Covid<\/a><\/li><li class=\"page_item page-item-4514\"><a href=\"https:\/\/www.chateauartigny.com\/en\/contact\/\">Contact<\/a><ul class='children'><li class=\"page_item page-item-4510\"><a href=\"https:\/\/www.chateauartigny.com\/en\/contact\/mail\/\">formulaire mail<\/a><\/li><\/ul><\/li><li class=\"page_item page-item-4471\"><a href=\"https:\/\/www.chateauartigny.com\/en\/gallery\/\">The Gallery<\/a><\/li><li class=\"page_item page-item-4481\"><a href=\"https:\/\/www.chateauartigny.com\/en\/events-in-the-castle\/\">Events in the castle<\/a><\/li><li class=\"page_item page-item-4505\"><a href=\"https:\/\/www.chateauartigny.com\/en\/spa\/\">Spa<\/a><\/li><li class=\"page_item page-item-4485\"><a href=\"https:\/\/www.chateauartigny.com\/en\/rooms\/\">Rooms<\/a><ul class='children'><li class=\"page_item page-item-4487\"><a href=\"https:\/\/www.chateauartigny.com\/en\/rooms\/classic-room\/\">Classic Room<\/a><\/li><li class=\"page_item page-item-4497\"><a href=\"https:\/\/www.chateauartigny.com\/en\/rooms\/superior-room\/\">Superior Room<\/a><\/li><li class=\"page_item page-item-4491\"><a href=\"https:\/\/www.chateauartigny.com\/en\/rooms\/deluxe-room\/\">Deluxe Room<\/a><\/li><li class=\"page_item page-item-4493\"><a href=\"https:\/\/www.chateauartigny.com\/en\/rooms\/junior-suite\/\">Junior Suite<\/a><\/li><li class=\"page_item page-item-4500\"><a href=\"https:\/\/www.chateauartigny.com\/en\/rooms\/tradition-room\/\">Tradition Room<\/a><\/li><\/ul><\/li><li class=\"page_item page-item-4479\"><a href=\"https:\/\/www.chateauartigny.com\/en\/the-restaurant\/\">The restaurant<\/a><\/li><li class=\"page_item page-item-3845\"><a href=\"https:\/\/www.chateauartigny.com\/en\/\">Homepage<\/a><\/li><\/ul><\/div><div class=\"sp-wrap-cpt\"><h2 class=\"sp-cpt-name\">Events<\/h2><div class=\"sp-archive-link\"><a href=\"https:\/\/www.chateauartigny.com\/en\/offers\/\">View all events<\/a><\/div><ul class=\"sp-list-posts\"><li><a href=\"https:\/\/www.chateauartigny.com\/en\/offers\/getaway-in-the-loire-valley\/\">Getaway in the Loire Valley<\/a><\/li><li><a href=\"https:\/\/www.chateauartigny.com\/en\/offers\/day-pass-package\/\">Day Pass Package<\/a><\/li><li><a href=\"https:\/\/www.chateauartigny.com\/en\/offers\/spring-escape-at-chateau-dartigny-exclusive-offer\/\">Spring Escape at Ch\u00e2teau d\u2019Artigny \u2013 Exclusive Offer<\/a><\/li><li><a href=\"https:\/\/www.chateauartigny.com\/en\/offers\/les-beaux-jours-au-chateau-offre-2-egal-3\/\">&#8220;Les beaux jours au Ch\u00e2teau d&#8217;Artigny&#8221; Offre 2=3<\/a><\/li><li><a href=\"https:\/\/www.chateauartigny.com\/en\/offers\/summer-offer-nights-and-breakfasts-included\/\">Summer offer: nights and breakfasts included!<\/a><\/li><li><a href=\"https:\/\/www.chateauartigny.com\/en\/offers\/new-year-at-the-chateau\/\">NEW YEAR AT THE CH\u00c2TEAU<\/a><\/li><li><a href=\"https:\/\/www.chateauartigny.com\/en\/offers\/new-years-eve-dinner-at-the-chateau\/\">New Year&#8217;s Eve dinner at the ch\u00e2teau<\/a><\/li><li><a href=\"https:\/\/www.chateauartigny.com\/en\/offers\/gourmet-christmas\/\">Gourmet Christmas<\/a><\/li><li><a href=\"https:\/\/www.chateauartigny.com\/en\/offers\/christmas-enchantment-in-touraine\/\">Christmas enchantment in Touraine<\/a><\/li><li><a href=\"https:\/\/www.chateauartigny.com\/en\/offers\/gourmet-getaway\/\">Gourmet getaway &#8211; Escape to Touraine<\/a><\/li><li><a href=\"https:\/\/www.chateauartigny.com\/en\/offers\/christmas-in-the-land-of-castles\/\">CHRISTMAS IN THE LAND OF CASTLES<\/a><\/li><li><a href=\"https:\/\/www.chateauartigny.com\/en\/offers\/wellness-stay\/\">Wellness Stay<\/a><\/li><li><a href=\"https:\/\/www.chateauartigny.com\/en\/offers\/christmas-in-the-loire-valley\/\">Christmas in the Loire Valley<\/a><\/li><li><a href=\"https:\/\/www.chateauartigny.com\/en\/offers\/chenonceau-castle\/\">Chenonceau castle<\/a><\/li><li><a href=\"https:\/\/www.chateauartigny.com\/en\/offers\/royal-fortress-of-chinon\/\">Royal fortress of Chinon<\/a><\/li><li><a href=\"https:\/\/www.chateauartigny.com\/en\/offers\/the-gardens-chateau-of-villandry\/\">The gardens &#038; ch\u00e2teau of Villandry<\/a><\/li><li><a href=\"https:\/\/www.chateauartigny.com\/en\/offers\/visit-the-loire-valley-castles\/\">Visit the Loire Valley castles<\/a><\/li><li><a href=\"https:\/\/www.chateauartigny.com\/en\/offers\/la-vie-de-chateau\/\">La vie de Ch\u00e2teau<\/a><\/li><li><a href=\"https:\/\/www.chateauartigny.com\/en\/offers\/exceptional-summer-offer-2-equals-3\/\">Exceptional summer offer 3=2<\/a><\/li><li><a href=\"https:\/\/www.chateauartigny.com\/en\/offers\/gift-ideas-from-the-chateau\/\">Gift ideas from the Ch\u00e2teau<\/a><\/li><li><a href=\"https:\/\/www.chateauartigny.com\/en\/offers\/romantic-stay\/\">Romantic stay<\/a><\/li><li><a href=\"https:\/\/www.chateauartigny.com\/en\/offers\/summer-sale\/\">Summer sale<\/a><\/li><li><a href=\"https:\/\/www.chateauartigny.com\/en\/offers\/indre-and-loire-by-bike\/\">Indre and Loire by bike<\/a><\/li><li><a href=\"https:\/\/www.chateauartigny.com\/en\/offers\/sunday-brunchs\/\">Sunday brunchs<\/a><\/li><li><a href=\"https:\/\/www.chateauartigny.com\/en\/offers\/best-chateaux-of-the-loire-valley\/\">Best chateaux of the Loire Valley<\/a><\/li><li><a href=\"https:\/\/www.chateauartigny.com\/en\/offers\/family-holidays\/\">Family holidays<\/a><\/li><\/ul><\/div><div class=\"sp-wrap-cpt\"><h2 class=\"sp-cpt-name\">Portfolio<\/h2><div class=\"sp-archive-link\"><a href=\"https:\/\/www.chateauartigny.com\/en\/holiday-ideas\/\">View all portfolio<\/a><\/div><ul class=\"sp-list-posts\"><li><a href=\"https:\/\/www.chateauartigny.com\/en\/holiday-ideas\/touraine-get-ready-for-a-sophisticated-and-delightfully-unconventional-adventure\/\">Touraine: Get ready for a sophisticated and delightfully unconventional adventure.<\/a><\/li><li><a href=\"https:\/\/www.chateauartigny.com\/en\/holiday-ideas\/venture-beyond-the-ordinary-and-uncover-the-sophisticated-and-unconventional-wonders-of-touraine\/\">Venture beyond the ordinary and uncover the sophisticated and unconventional wonders of Touraine.<\/a><\/li><li><a href=\"https:\/\/www.chateauartigny.com\/en\/holiday-ideas\/escape-the-ordinary-and-create-lasting-memories-with-the-sophisticated-and-unconventional-experiences-touraine-has-to-offer\/\">Escape the ordinary and create lasting memories with the sophisticated and unconventional experiences Touraine has to offer.<\/a><\/li><li><a href=\"https:\/\/www.chateauartigny.com\/en\/holiday-ideas\/touraine-region-is-brimming-with-sophisticated-and-unconventional-experiences-waiting-to-be-discovered\/\">Touraine region is brimming with sophisticated and unconventional experiences waiting to be discovered.<\/a><\/li><li><a href=\"https:\/\/www.chateauartigny.com\/en\/holiday-ideas\/discover-a-wealth-of-sophisticated-and-unconventional-experiences-in-the-touraine-region\/\">Discover a wealth of sophisticated and unconventional experiences in the Touraine region.<\/a><\/li><li><a href=\"https:\/\/www.chateauartigny.com\/en\/holiday-ideas\/immerse-yourself-in-the-refined-charm-and-unexpected-delights-of-the-touraine-region\/\">Immerse yourself in the refined charm and unexpected delights of the Touraine region.<\/a><\/li><li><a href=\"https:\/\/www.chateauartigny.com\/en\/holiday-ideas\/touraine-region-offers-a-wealth-of-sophisticated-and-unconventional-experiences\/\">Touraine region offers a wealth of sophisticated and unconventional experiences<\/a><\/li><li><a href=\"https:\/\/www.chateauartigny.com\/en\/holiday-ideas\/experience-spring-at-chateau-dartigny-in-montbazon\/\">Experience Spring at Ch\u00e2teau d\u2019Artigny in Montbazon<\/a><\/li><li><a href=\"https:\/\/www.chateauartigny.com\/en\/holiday-ideas\/springtime-at-chateau-dartigny-montbazon\/\">Springtime at Ch\u00e2teau d\u2019Artigny, Montbazon<\/a><\/li><li><a href=\"https:\/\/www.chateauartigny.com\/en\/holiday-ideas\/spring-stay-at-the-chateau-dartigny-in-montbazon\/\">Spring stay at the Ch\u00e2teau d\u2019Artigny in Montbazon<\/a><\/li><li><a href=\"https:\/\/www.chateauartigny.com\/en\/holiday-ideas\/christmas-and-new-year-at-chateau-dartigny\/\">Christmas and New Year at Ch\u00e2teau d\u2019Artigny<\/a><\/li><li><a href=\"https:\/\/www.chateauartigny.com\/en\/holiday-ideas\/chateau-dartigny-in-december-stay-inspirations\/\">Ch\u00e2teau d\u2019Artigny in December: Stay Inspirations<\/a><\/li><li><a href=\"https:\/\/www.chateauartigny.com\/en\/holiday-ideas\/seasonal-experiences-december-at-chateau-dartigny\/\">Seasonal Experiences: December at Ch\u00e2teau d\u2019Artigny<\/a><\/li><li><a href=\"https:\/\/www.chateauartigny.com\/en\/holiday-ideas\/december-stay-ideas-at-chateau-dartigny\/\">December Stay Ideas at Ch\u00e2teau d\u2019Artigny<\/a><\/li><li><a href=\"https:\/\/www.chateauartigny.com\/en\/holiday-ideas\/seasonal-inspirations-november-at-chateau-dartigny\/\">Seasonal Inspirations: November at Ch\u00e2teau d\u2019Artigny<\/a><\/li><li><a href=\"https:\/\/www.chateauartigny.com\/en\/holiday-ideas\/autumn-escapes-november-at-chateau-dartigny\/\">Autumn Escapes: November at Ch\u00e2teau d\u2019Artigny<\/a><\/li><li><a href=\"https:\/\/www.chateauartigny.com\/en\/holiday-ideas\/november-stay-ideas-at-chateau-dartigny\/\">November Stay Ideas at Ch\u00e2teau d\u2019Artigny<\/a><\/li><li><a href=\"https:\/\/www.chateauartigny.com\/en\/holiday-ideas\/october-escapes-at-chateau-dartigny\/\">October Escapes at Ch\u00e2teau d\u2019Artigny<\/a><\/li><li><a href=\"https:\/\/www.chateauartigny.com\/en\/holiday-ideas\/autumn-retreat-inspirations-at-chateau-dartigny\/\">Autumn Retreat Inspirations at Ch\u00e2teau d\u2019Artigny<\/a><\/li><li><a href=\"https:\/\/www.chateauartigny.com\/en\/holiday-ideas\/october-stay-ideas-at-chateau-dartigny\/\">October Stay Ideas at Ch\u00e2teau d&#8217;Artigny<\/a><\/li><li><a href=\"https:\/\/www.chateauartigny.com\/en\/holiday-ideas\/activity-ideas-for-five-days-in-the-loire-valley\/\">activity ideas for five days in the Loire Valley<\/a><\/li><li><a href=\"https:\/\/www.chateauartigny.com\/en\/holiday-ideas\/activity-ideas-for-four-days-in-the-loire-valley\/\">activity ideas for four days in the Loire Valley<\/a><\/li><li><a href=\"https:\/\/www.chateauartigny.com\/en\/holiday-ideas\/activity-ideas-for-three-days-in-the-loire-valley\/\">activity ideas for three days in the Loire Valley<\/a><\/li><li><a href=\"https:\/\/www.chateauartigny.com\/en\/holiday-ideas\/activity-ideas-for-two-days-in-the-loire-valley\/\">activity ideas for two days in the Loire Valley<\/a><\/li><li><a href=\"https:\/\/www.chateauartigny.com\/en\/holiday-ideas\/7-day-trip-to-the-loire-valley-from-paris\/\">7-day trip to the Loire Valley from Paris<\/a><\/li><li><a href=\"https:\/\/www.chateauartigny.com\/en\/holiday-ideas\/6-day-touraine-discovery-itinerary-from-paris\/\">6-Day Touraine Discovery Itinerary from Paris<\/a><\/li><li><a href=\"https:\/\/www.chateauartigny.com\/en\/holiday-ideas\/5-day-loire-valley-discovery-itinerary-from-paris\/\">5-Day Loire Valley Discovery Itinerary from Paris<\/a><\/li><li><a href=\"https:\/\/www.chateauartigny.com\/en\/holiday-ideas\/4-day-itinerary-for-discovering-touraine-from-paris-staying-at-the-luxurious-chateau-dartigny\/\">4-day itinerary for discovering Touraine from Paris, staying at the luxurious Ch\u00e2teau d\u2019Artigny<\/a><\/li><li><a href=\"https:\/\/www.chateauartigny.com\/en\/holiday-ideas\/3-day-itinerary-for-discovering-the-val-de-loire-staying-at-the-luxurious-chateau-dartigny-in-montbazon\/\">3-day itinerary for discovering the Val de Loire, staying at the luxurious Ch\u00e2teau d\u2019Artigny in Montbazon<\/a><\/li><li><a href=\"https:\/\/www.chateauartigny.com\/en\/holiday-ideas\/2-day-itinerary-for-discovering-touraine-while-staying-at-the-luxurious-chateau-dartigny\/\">2-day itinerary for discovering Touraine while staying at the luxurious Ch\u00e2teau d\u2019Artigny<\/a><\/li><li><a href=\"https:\/\/www.chateauartigny.com\/en\/holiday-ideas\/essential-destinations-in-centre-val-de-loire\/\">Essential Destinations in Centre-Val de Loire<\/a><\/li><li><a href=\"https:\/\/www.chateauartigny.com\/en\/holiday-ideas\/must-see-destinations-in-centre-val-de-loire\/\">Must-See Destinations in Centre-Val de Loire<\/a><\/li><li><a href=\"https:\/\/www.chateauartigny.com\/en\/holiday-ideas\/top-attractions-in-centre-val-de-loire\/\">Top Attractions in Centre-Val de Loire<\/a><\/li><li><a href=\"https:\/\/www.chateauartigny.com\/en\/holiday-ideas\/must-visit-places-in-centre-val-de-loire\/\">Must-visit places in Centre-Val de Loire<\/a><\/li><li><a href=\"https:\/\/www.chateauartigny.com\/en\/holiday-ideas\/uncover-the-advantages-of-staying-at-chateau-dartigny\/\">Uncover the Advantages of Staying at Ch\u00e2teau d\u2019Artigny<\/a><\/li><li><a href=\"https:\/\/www.chateauartigny.com\/en\/holiday-ideas\/explore-the-benefits-of-a-stay-at-chateau-dartigny\/\">Explore the Benefits of a Stay at Ch\u00e2teau d\u2019Artigny<\/a><\/li><li><a href=\"https:\/\/www.chateauartigny.com\/en\/holiday-ideas\/discover-the-advantages-of-staying-at-chateau-dartigny\/\">Discover the Advantages of Staying at Ch\u00e2teau d\u2019Artigny<\/a><\/li><li><a href=\"https:\/\/www.chateauartigny.com\/en\/holiday-ideas\/family-vacation-ideas-at-chateau-dartigny-from-paris\/\">Family Vacation Ideas at Ch\u00e2teau d\u2019Artigny from Paris<\/a><\/li><li><a href=\"https:\/\/www.chateauartigny.com\/en\/holiday-ideas\/family-getaway-ideas-at-chateau-dartigny-from-paris\/\">Family Getaway Ideas at Ch\u00e2teau d\u2019Artigny from Paris<\/a><\/li><li><a href=\"https:\/\/www.chateauartigny.com\/en\/holiday-ideas\/family-getaway-ideas-at-chateau-dartigny-from-paris-for-tourists\/\">Family Getaway Ideas at Ch\u00e2teau d\u2019Artigny from Paris for Tourists<\/a><\/li><li><a href=\"https:\/\/www.chateauartigny.com\/en\/holiday-ideas\/living-the-chateau-life-at-chateau-dartigny-in-touraine\/\">Living the Ch\u00e2teau Life at Ch\u00e2teau d\u2019Artigny in Touraine<\/a><\/li><li><a href=\"https:\/\/www.chateauartigny.com\/en\/holiday-ideas\/tourism-ideas-for-visitors-near-tours\/\">Tourism Ideas for Visitors Near Tours<\/a><\/li><li><a href=\"https:\/\/www.chateauartigny.com\/en\/holiday-ideas\/tourism-ideas-for-visitors-staying-at-chateau-dartigny-near-tours\/\">Tourism Ideas for Visitors Staying at Ch\u00e2teau d\u2019Artigny, Near Tours<\/a><\/li><li><a href=\"https:\/\/www.chateauartigny.com\/en\/holiday-ideas\/tourism-ideas-around-tours\/\">Tourism Ideas Around Tours<\/a><\/li><li><a href=\"https:\/\/www.chateauartigny.com\/en\/holiday-ideas\/tourism-ideas-around-tours-while-enjoying-chateau-dartigny\/\">Tourism Ideas Around Tours While Enjoying Ch\u00e2teau d\u2019Artigny<\/a><\/li><li><a href=\"https:\/\/www.chateauartigny.com\/en\/holiday-ideas\/park-visits-in-touraine\/\">Park Visits in Touraine<\/a><\/li><li><a href=\"https:\/\/www.chateauartigny.com\/en\/holiday-ideas\/gourmet-experiences-in-touraine\/\">Gourmet Experiences in Touraine<\/a><\/li><li><a href=\"https:\/\/www.chateauartigny.com\/en\/holiday-ideas\/boat-tours-from-tours-while-enjoying-chateau-dartigny\/\">Boat Tours from Tours While Enjoying Ch\u00e2teau d\u2019Artigny<\/a><\/li><li><a href=\"https:\/\/www.chateauartigny.com\/en\/holiday-ideas\/wine-cellar-in-tours-while-enjoying-chateau-dartigny\/\">Wine Cellar in Tours While Enjoying Ch\u00e2teau d\u2019Artigny<\/a><\/li><li><a href=\"https:\/\/www.chateauartigny.com\/en\/holiday-ideas\/tourist-visit-ideas-around-chateau-dartigny\/\">Tourist Visit Ideas Around Ch\u00e2teau d&#8217;Artigny<\/a><\/li><li><a href=\"https:\/\/www.chateauartigny.com\/en\/holiday-ideas\/offers-several-advantages-for-tourists\/\">Offers several advantages for tourists<\/a><\/li><li><a href=\"https:\/\/www.chateauartigny.com\/en\/holiday-ideas\/romantic-getaway-at-the-chateau-dartigny\/\">Romantic getaway at the Ch\u00e2teau d&#8217;Artigny<\/a><\/li><li><a href=\"https:\/\/www.chateauartigny.com\/en\/holiday-ideas\/family-getaway-at-chateau-dartigny\/\">Family Getaway at Ch\u00e2teau d\u2019Artigny<\/a><\/li><li><a href=\"https:\/\/www.chateauartigny.com\/en\/holiday-ideas\/family-getaway-at-chateau-dartigny-from-paris\/\">Family Getaway at Ch\u00e2teau d\u2019Artigny from Paris<\/a><\/li><li><a href=\"https:\/\/www.chateauartigny.com\/en\/holiday-ideas\/ideas-for-stays-at-the-chateau-dartigny-from-paris\/\">Ideas for stays at the Ch\u00e2teau d&#8217;Artigny from Paris<\/a><\/li><li><a href=\"https:\/\/www.chateauartigny.com\/en\/holiday-ideas\/ideas-for-stays-at-the-chateau-dartigny-from-paris-for-tourists\/\">Ideas for stays at the Ch\u00e2teau d&#8217;Artigny from Paris for tourists<\/a><\/li><li><a href=\"https:\/\/www.chateauartigny.com\/en\/holiday-ideas\/ideas-at-chateau-dartigny-from-paris\/\">Ideas at Ch\u00e2teau d\u2019Artigny from Paris<\/a><\/li><li><a href=\"https:\/\/www.chateauartigny.com\/en\/holiday-ideas\/ideas-at-chateau-dartigny-from-paris-for-american-travelers\/\">Ideas at Ch\u00e2teau d\u2019Artigny from Paris for American Travelers<\/a><\/li><li><a href=\"https:\/\/www.chateauartigny.com\/en\/holiday-ideas\/luxury-getaway-ideas-at-chateau-dartigny-from-paris-for-american-travelers\/\">Luxury Getaway Ideas at Ch\u00e2teau d\u2019Artigny from Paris for American Travelers<\/a><\/li><li><a href=\"https:\/\/www.chateauartigny.com\/en\/holiday-ideas\/luxurious-and-historic-chateau-located-in-the-loire-valley-of-france\/\">luxurious and historic ch\u00e2teau located in the Loire Valley of France<\/a><\/li><\/ul><\/div><\/div><\/div><\/div><\/div><\/div><\/p>\n","protected":false},"excerpt":{"rendered":"","protected":false},"author":1,"featured_media":0,"parent":0,"menu_order":0,"comment_status":"open","ping_status":"closed","template":"100-width.php","meta":{"_seopress_robots_primary_cat":"","_seopress_titles_title":"Explore the Majestic Chateau d&#039;Artigny with Detailed Sitemaps","_seopress_titles_desc":"Discover the complete sitemaps of Chateau d&#039;Artigny&#039;s website, providing easy navigation to all our pages and content. Start exploring now!","_seopress_robots_index":"","footnotes":""},"class_list":["post-7444","page","type-page","status-publish","hentry"],"_links":{"self":[{"href":"https:\/\/www.chateauartigny.com\/en\/wp-json\/wp\/v2\/pages\/7444","targetHints":{"allow":["GET"]}}],"collection":[{"href":"https:\/\/www.chateauartigny.com\/en\/wp-json\/wp\/v2\/pages"}],"about":[{"href":"https:\/\/www.chateauartigny.com\/en\/wp-json\/wp\/v2\/types\/page"}],"author":[{"embeddable":true,"href":"https:\/\/www.chateauartigny.com\/en\/wp-json\/wp\/v2\/users\/1"}],"replies":[{"embeddable":true,"href":"https:\/\/www.chateauartigny.com\/en\/wp-json\/wp\/v2\/comments?post=7444"}],"version-history":[{"count":1,"href":"https:\/\/www.chateauartigny.com\/en\/wp-json\/wp\/v2\/pages\/7444\/revisions"}],"predecessor-version":[{"id":7445,"href":"https:\/\/www.chateauartigny.com\/en\/wp-json\/wp\/v2\/pages\/7444\/revisions\/7445"}],"wp:attachment":[{"href":"https:\/\/www.chateauartigny.com\/en\/wp-json\/wp\/v2\/media?parent=7444"}],"curies":[{"name":"wp","href":"https:\/\/api.w.org\/{rel}","templated":true}]}}