{"id":39482,"date":"2025-11-05T13:23:48","date_gmt":"2025-11-05T12:23:48","guid":{"rendered":"https:\/\/www.chateauartigny.com\/faq\/"},"modified":"2025-11-17T10:58:45","modified_gmt":"2025-11-17T09:58:45","slug":"faq","status":"publish","type":"page","link":"https:\/\/www.chateauartigny.com\/en\/faq\/","title":{"rendered":"FAQ \u2013 Ch\u00e2teau d\u2019Artigny, H\u00f4tel 5 \u00e9toiles en Vall\u00e9e de la Loire"},"content":{"rendered":"<p><div class=\"fusion-fullwidth fullwidth-box fusion-builder-row-1 fusion-flex-container has-pattern-background has-mask-background nonhundred-percent-fullwidth non-hundred-percent-height-scrolling fusion-custom-z-index\" style=\"--awb-background-position:right center;--awb-border-sizes-top:0px;--awb-border-sizes-bottom:0px;--awb-border-sizes-left:0px;--awb-border-sizes-right:0px;--awb-border-radius-top-left:0px;--awb-border-radius-top-right:0px;--awb-border-radius-bottom-right:0px;--awb-border-radius-bottom-left:0px;--awb-z-index:300;--awb-padding-top:78px;--awb-padding-right:0px;--awb-padding-bottom:0px;--awb-padding-left:0px;--awb-padding-top-medium:0px;--awb-padding-right-medium:37px;--awb-padding-left-medium:42.9863px;--awb-padding-top-small:0px;--awb-padding-right-small:30px;--awb-padding-left-small:30px;--awb-margin-top:0px;--awb-margin-bottom:0px;--awb-flex-wrap:wrap;\" ><div class=\"fusion-builder-row fusion-row fusion-flex-align-items-center fusion-flex-justify-content-center fusion-flex-content-wrap\" style=\"max-width:calc( 1140px + 0px );margin-left: calc(-0px \/ 2 );margin-right: calc(-0px \/ 2 );\"><div class=\"fusion-layout-column fusion_builder_column fusion-builder-column-0 fusion_builder_column_1_1 1_1 fusion-flex-column fusion-flex-align-self-flex-start\" style=\"--awb-padding-top-medium:0px;--awb-padding-top-small:0px;--awb-padding-left-small:0px;--awb-bg-position:right bottom;--awb-bg-blend:overlay;--awb-bg-size:cover;--awb-width-large:100%;--awb-margin-top-large:-80px;--awb-spacing-right-large:0px;--awb-margin-bottom-large:20px;--awb-spacing-left-large:0px;--awb-width-medium:100%;--awb-order-medium:0;--awb-margin-top-medium:0px;--awb-spacing-right-medium:0px;--awb-margin-bottom-medium:0px;--awb-spacing-left-medium:0px;--awb-width-small:100%;--awb-order-small:0;--awb-spacing-right-small:0px;--awb-spacing-left-small:0px;\" data-scroll-devices=\"small-visibility,medium-visibility,large-visibility\"><div class=\"fusion-column-wrapper fusion-column-has-shadow fusion-flex-justify-content-flex-start fusion-content-layout-column\"><div class=\"fusion-title title fusion-title-1 fusion-sep-none fusion-title-center fusion-title-scroll_reveal fusion-animate-once awb-title__scroll-reveal--unblur fusion-title-size-two\" style=\"--awb-margin-top:20px;--awb-margin-top-small:0px;--awb-margin-right-small:0px;--awb-margin-bottom-small:15px;--awb-margin-left-small:0px;--awb-font-size:35px;\" data-scroll-reveal-effect=\"unblur\" data-scroll-reveal-above-fold=\"1\" data-scroll-reveal-basis=\"chars\" data-scroll-reveal-behavior=\"always\" data-scroll-reveal-duration=\"0.5\" data-scroll-reveal-stagger=\"0.2\" data-scroll-reveal-delay=\"0\" data-scroll-reveal-counter=\"1\"><h2 class=\"fusion-title-heading title-heading-center fusion-responsive-typography-calculated\" style=\"font-family:var(--awb-typography2-font-family);font-weight:var(--awb-typography2-font-weight);font-style:var(--awb-typography2-font-style);margin:0;letter-spacing:var(--awb-typography2-letter-spacing);text-transform:var(--awb-typography2-text-transform);font-size:1em;--fontSize:35;line-height:1.43;\">FAQ<\/h2><\/div><div class=\"fusion-image-element \" style=\"text-align:center;--awb-margin-bottom:30px;--awb-margin-bottom-small:10px;--awb-max-width:35px;--awb-caption-title-font-family:var(--h2_typography-font-family);--awb-caption-title-font-weight:var(--h2_typography-font-weight);--awb-caption-title-font-style:var(--h2_typography-font-style);--awb-caption-title-size:var(--h2_typography-font-size);--awb-caption-title-transform:var(--h2_typography-text-transform);--awb-caption-title-line-height:var(--h2_typography-line-height);--awb-caption-title-letter-spacing:var(--h2_typography-letter-spacing);\"><span class=\" fusion-imageframe imageframe-none imageframe-1 hover-type-none\"><img decoding=\"async\" width=\"126\" height=\"51\" title=\"cle\" src=\"https:\/\/www.chateauartigny.com\/wp-content\/uploads\/2023\/02\/cle.png\" alt class=\"img-responsive wp-image-3741\"\/><\/span><\/div><div class=\"fusion-text fusion-text-1\" style=\"--awb-font-size:16px;--awb-text-font-family:&quot;SangbleuKingdom light &quot;;--awb-text-font-style:normal;--awb-text-font-weight:400;\"><p>Welcome to the Frequently Asked Questions section of the Ch\u00e2teau d&#8217;Artigny, a 5-star hotel located in Montbazon, near Tours. Here you will find answers to the most frequently asked questions about your stay, our services, and our offers.<\/p>\n<\/div><\/div><\/div><\/div><\/div><div class=\"fusion-fullwidth fullwidth-box fusion-builder-row-2 fusion-flex-container has-pattern-background has-mask-background nonhundred-percent-fullwidth non-hundred-percent-height-scrolling\" style=\"--awb-border-radius-top-left:0px;--awb-border-radius-top-right:0px;--awb-border-radius-bottom-right:0px;--awb-border-radius-bottom-left:0px;--awb-padding-bottom-small:0px;--awb-margin-top:25px;--awb-margin-bottom-small:0px;--awb-flex-wrap:wrap;\" ><div class=\"fusion-builder-row fusion-row fusion-flex-align-items-center fusion-flex-justify-content-center fusion-flex-content-wrap\" style=\"max-width:calc( 1140px + 0px );margin-left: calc(-0px \/ 2 );margin-right: calc(-0px \/ 2 );\"><div class=\"fusion-layout-column fusion_builder_column fusion-builder-column-1 fusion_builder_column_5_6 5_6 fusion-flex-column\" style=\"--awb-padding-right:50px;--awb-padding-left:50px;--awb-bg-position:right bottom;--awb-bg-blend:overlay;--awb-bg-size:cover;--awb-width-large:83.333333333333%;--awb-margin-top-large:45px;--awb-spacing-right-large:0px;--awb-margin-bottom-large:39px;--awb-spacing-left-large:0px;--awb-width-medium:100%;--awb-margin-top-medium:0px;--awb-spacing-right-medium:0px;--awb-margin-bottom-medium:0px;--awb-spacing-left-medium:0px;--awb-width-small:100%;--awb-margin-top-small:0px;--awb-spacing-right-small:0px;--awb-spacing-left-small:0px;\"><div class=\"fusion-column-wrapper fusion-flex-justify-content-center fusion-content-layout-column\"><div class=\"accordian fusion-accordian\" style=\"--awb-padding-top:10px;--awb-padding-bottom:10px;--awb-border-size:1px;--awb-icon-size:30px;--awb-content-font-size:16px;--awb-content-letter-spacing:var(--awb-typography4-letter-spacing);--awb-content-line-height:20px;--awb-icon-alignment:left;--awb-hover-color:hsla(var(--awb-color4-h),var(--awb-color4-s),var(--awb-color4-l),calc(var(--awb-color4-a) - 95%));--awb-border-color:hsla(var(--awb-color5-h),var(--awb-color5-s),var(--awb-color5-l),calc(var(--awb-color5-a) - 80%));--awb-background-color:hsla(var(--awb-color5-h),var(--awb-color5-s),var(--awb-color5-l),calc(var(--awb-color5-a) - 95%));--awb-divider-color:hsla(var(--awb-color5-h),var(--awb-color5-s),var(--awb-color5-l),calc(var(--awb-color5-a) - 80%));--awb-divider-hover-color:var(--awb-color5);--awb-icon-color:var(--awb-color4);--awb-title-color:var(--awb-color6);--awb-content-color:var(--awb-color7);--awb-icon-box-color:rgba(0,0,0,0);--awb-toggle-hover-accent-color:var(--awb-color5);--awb-toggle-active-accent-color:var(--awb-color4);--awb-title-font-family:var(--awb-typography1-font-family);--awb-title-font-weight:var(--awb-typography1-font-weight);--awb-title-font-style:var(--awb-typography1-font-style);--awb-title-font-size:20px;--awb-title-letter-spacing:var(--awb-typography1-letter-spacing);--awb-title-line-height:var(--awb-typography1-line-height);--awb-content-font-family:var(--awb-typography4-font-family);--awb-content-font-weight:var(--awb-typography4-font-weight);--awb-content-font-style:var(--awb-typography4-font-style);\"><div class=\"panel-group fusion-toggle-icon-unboxed\" id=\"accordion-39482-1\"><div class=\"fusion-panel panel-default panel-99e737400a6cb4149 fusion-toggle-no-divider\" style=\"--awb-title-color:var(--awb-color8);--awb-content-color:var(--awb-color8);\"><div class=\"panel-heading\"><h4 class=\"panel-title toggle\" id=\"toggle_99e737400a6cb4149\"><a aria-expanded=\"false\" aria-controls=\"99e737400a6cb4149\" role=\"button\" data-toggle=\"collapse\" data-parent=\"#accordion-39482-1\" data-target=\"#99e737400a6cb4149\" href=\"#99e737400a6cb4149\"><span class=\"fusion-toggle-icon-wrapper\" aria-hidden=\"true\"><i class=\"fa-fusion-box active-icon fa-minus fas\" aria-hidden=\"true\"><\/i><i class=\"fa-fusion-box inactive-icon fa-plus fas\" aria-hidden=\"true\"><\/i><\/span><span class=\"fusion-toggle-heading\">The Hotel<\/span><\/a><\/h4><\/div><div id=\"99e737400a6cb4149\" class=\"panel-collapse collapse \" aria-labelledby=\"toggle_99e737400a6cb4149\"><div class=\"panel-body toggle-content fusion-clearfix\">\n<h4>Where is Ch\u00e2teau d&#8217;Artigny located?<\/h4>\n<p style=\"padding-left: 40px;\">Ch\u00e2teau d&#8217;Artigny is located in Montbazon, just 15 kilometers from Tours, in the heart of the Loire Valley.<br \/>\nAddress: 92 Rue de Monts, 37250 Montbazon, France.<br \/>\nGPS coordinates: GPS coordinates: (Latitude 471675N, Longitude 0004145E)<\/p>\n<p><strong>What are the check-in and check-out times?<\/strong><\/p>\n<p style=\"padding-left: 40px;\">Rooms are available from 3:00 PM and must be vacated by 12:00 PM on the day of departure.<br \/>\nIf you would like to take advantage of a late check-out, please request this at reception (subject to availability).<\/p>\n<p style=\"padding-left: 40px;\">Can we arrive after 10:00 PM?<br \/>\nThe reception desk is open 24 hours a day and there will always be someone there to welcome you.<\/p>\n<p><strong>Does the hotel have parking?<\/strong><\/p>\n<p style=\"padding-left: 40px;\">Yes, the ch\u00e2teau offers free private parking.<\/p>\n<p><strong>Does the hotel have electric charging stations?<\/strong><\/p>\n<p style=\"padding-left: 40px;\">Yes, it has two 22kW charging stations belonging to the \u201cfreshmile\u201d system.<\/p>\n<p><strong>Are pets allowed?<\/strong><\/p>\n<p style=\"padding-left: 40px;\">Yes, your four-legged friends are welcome (supplement of \u20ac20 per day).<\/p>\n<p><strong>Is Wi-Fi available in the hotel?<\/strong><\/p>\n<p style=\"padding-left: 40px;\">Yes, Wi-Fi is free and available throughout the hotel.<\/p>\n<p><strong>Are the Ch\u00e2teau rooms accessible to people with reduced mobility?<\/strong><\/p>\n<p style=\"padding-left: 40px;\">We have two partially accessible rooms (one in the pavilion and one in the ch\u00e2teau). For more information, please contact us directly.<\/p>\n<p><strong>What amenities are available in the rooms?<\/strong><\/p>\n<p style=\"padding-left: 40px;\">All our rooms are equipped with a coffee machine, kettle, TV, safe, minibar, and hairdryer.<\/p>\n<p><strong>Can I iron clothes in my room?<\/strong><\/p>\n<p style=\"padding-left: 40px;\">No, but we have a room in the Ch\u00e2teau equipped with ironing boards and irons.<\/p>\n<\/div><\/div><\/div><div class=\"fusion-panel panel-default panel-a993e3177629ca4c3 fusion-toggle-no-divider\" style=\"--awb-title-color:var(--awb-color8);--awb-content-color:var(--awb-color8);\"><div class=\"panel-heading\"><h4 class=\"panel-title toggle\" id=\"toggle_a993e3177629ca4c3\"><a aria-expanded=\"false\" aria-controls=\"a993e3177629ca4c3\" role=\"button\" data-toggle=\"collapse\" data-parent=\"#accordion-39482-1\" data-target=\"#a993e3177629ca4c3\" href=\"#a993e3177629ca4c3\"><span class=\"fusion-toggle-icon-wrapper\" aria-hidden=\"true\"><i class=\"fa-fusion-box active-icon fa-minus fas\" aria-hidden=\"true\"><\/i><i class=\"fa-fusion-box inactive-icon fa-plus fas\" aria-hidden=\"true\"><\/i><\/span><span class=\"fusion-toggle-heading\">Dining &amp; Bar<\/span><\/a><\/h4><\/div><div id=\"a993e3177629ca4c3\" class=\"panel-collapse collapse \" aria-labelledby=\"toggle_a993e3177629ca4c3\"><div class=\"panel-body toggle-content fusion-clearfix\">\n<p><strong>Is breakfast included in the room rate?<\/strong><\/p>\n<p style=\"padding-left: 40px;\">Only in certain packages. Please check what is included in your chosen package when you make your reservation.<\/p>\n<p><strong>What type of breakfast, what time, and how much does it cost?<\/strong><\/p>\n<p style=\"padding-left: 40px;\">It is a buffet-style breakfast with a variety of sweet and savory options, served from 7:00 a.m. to 10:30 a.m. at \u20ac25 per person (\u20ac26 from January 1, 2026).<\/p>\n<p><strong>Is the restaurant open to outside visitors?<\/strong><\/p>\n<p style=\"padding-left: 40px;\">Yes, our gourmet restaurant L&#8217;Origan welcomes both hotel guests and outside visitors for lunch and dinner, by reservation.<\/p>\n<p><strong>Do you offer specific menus?<\/strong><\/p>\n<p style=\"padding-left: 40px;\">Our chef Herv\u00e9 Guttin and his team offer refined seasonal menus.<br \/>Special menus are also available for events such as Easter, Christmas, and Valentine&#8217;s Day.<br \/>We adapt our dishes to suit your allergies or dietary requirements (vegetarian, gluten-free, etc.), so please let us know when you make your reservation.<\/p>\n<p><strong>Is there a bar at the Ch\u00e2teau?<\/strong><\/p>\n<p style=\"padding-left: 40px;\">Yes, the Bar du Ch\u00e2teau welcomes you in an elegant setting to enjoy a cocktail, an aperitif, or afternoon tea. It is open from noon to 11 p.m.<\/p>\n<p><strong>Can I reserve a table online?<\/strong><\/p>\n<p style=\"padding-left: 40px;\">Yes, you can reserve your table directly on our website under the \u201cRESERVE\u201d section or by phone at 02 47 34 30 30.<\/p>\n<p style=\"padding-left: 40px;\">For brunch, we kindly ask that you reserve online.<\/p>\n<\/div><\/div><\/div><div class=\"fusion-panel panel-default panel-04cd4beea1261881e fusion-toggle-no-divider\" style=\"--awb-title-color:var(--awb-color8);--awb-content-color:var(--awb-color8);\"><div class=\"panel-heading\"><h4 class=\"panel-title toggle\" id=\"toggle_04cd4beea1261881e\"><a aria-expanded=\"false\" aria-controls=\"04cd4beea1261881e\" role=\"button\" data-toggle=\"collapse\" data-parent=\"#accordion-39482-1\" data-target=\"#04cd4beea1261881e\" href=\"#04cd4beea1261881e\"><span class=\"fusion-toggle-icon-wrapper\" aria-hidden=\"true\"><i class=\"fa-fusion-box active-icon fa-minus fas\" aria-hidden=\"true\"><\/i><i class=\"fa-fusion-box inactive-icon fa-plus fas\" aria-hidden=\"true\"><\/i><\/span><span class=\"fusion-toggle-heading\">Spa &amp; Wellness<\/span><\/a><\/h4><\/div><div id=\"04cd4beea1261881e\" class=\"panel-collapse collapse \" aria-labelledby=\"toggle_04cd4beea1261881e\"><div class=\"panel-body toggle-content fusion-clearfix\">\n<p><strong>Does the Ch\u00e2teau have a spa?<\/strong><\/p>\n<p style=\"padding-left: 40px;\">Yes, our spa is a true haven of peace, open every day from 10 a.m. to 7 p.m.<br \/>\nIt includes: a steam room, jacuzzi, sauna, herbal tea room, and treatment rooms.<\/p>\n<p><strong>How do I book a treatment?<\/strong><\/p>\n<p style=\"padding-left: 40px;\">You can book your treatment:<\/p>\n<p style=\"padding-left: 40px;\">directly with our spa team by email at spa@artigny.com,<br \/>\nor by phone on +33 (0)2 47 34 30 41.<\/p>\n<p><strong>Can non-guests access the spa?<\/strong><\/p>\n<p style=\"padding-left: 40px;\">Yes, non-guests are welcome to book a treatment or relax in the spa.<\/p>\n<p><strong>Is there a swimming pool?<\/strong><\/p>\n<p style=\"padding-left: 40px;\">Yes, the ch\u00e2teau has an outdoor swimming pool that is heated from May to September. Please feel free to contact us for specific dates.<\/p>\n<p><strong>Can I exercise at the ch\u00e2teau? Is there a fitness room?<\/strong><\/p>\n<p style=\"padding-left: 40px;\">We do not have a fitness room, but we do have three padel courts, a tennis court, and a wooded park for jogging or walking.<\/p>\n<p><strong>Can I ride a bike in the Ch\u00e2teau&#8217;s park?<\/strong><\/p>\n<p style=\"padding-left: 40px;\">We have regular bikes available at reception, and in the summer we can rent you electric bikes.<\/p>\n<\/div><\/div><\/div><div class=\"fusion-panel panel-default panel-0452563c72c17cdd0 fusion-toggle-no-divider\" style=\"--awb-title-color:var(--awb-color8);--awb-content-color:var(--awb-color8);\"><div class=\"panel-heading\"><h4 class=\"panel-title toggle\" id=\"toggle_0452563c72c17cdd0\"><a aria-expanded=\"false\" aria-controls=\"0452563c72c17cdd0\" role=\"button\" data-toggle=\"collapse\" data-parent=\"#accordion-39482-1\" data-target=\"#0452563c72c17cdd0\" href=\"#0452563c72c17cdd0\"><span class=\"fusion-toggle-icon-wrapper\" aria-hidden=\"true\"><i class=\"fa-fusion-box active-icon fa-minus fas\" aria-hidden=\"true\"><\/i><i class=\"fa-fusion-box inactive-icon fa-plus fas\" aria-hidden=\"true\"><\/i><\/span><span class=\"fusion-toggle-heading\">Access &amp; Surroundings<\/span><\/a><\/h4><\/div><div id=\"0452563c72c17cdd0\" class=\"panel-collapse collapse \" aria-labelledby=\"toggle_0452563c72c17cdd0\"><div class=\"panel-body toggle-content fusion-clearfix\">\n<h4>How to get to Ch\u00e2teau d&#8217;Artigny?<\/h4>\n<p style=\"padding-left: 40px;\">By car: 2.5 hours from Paris via the A10 (exit 24 Montbazon).<br \/>\nBy train: Tours or Saint-Pierre-des-Corps stations are 20 minutes away.<br \/>\nBy plane: Tours Val de Loire airport is 25 minutes away.<\/p>\n<p><strong>Is there a transfer or taxi service?<\/strong><\/p>\n<p style=\"padding-left: 40px;\">We can arrange a private transfer from the train station or airport upon request. The cost is between \u20ac60 and \u20ac70 per trip.<\/p>\n<p><strong>What tourist attractions are nearby?<\/strong><\/p>\n<p style=\"padding-left: 40px;\">The Ch\u00e2teau d&#8217;Artigny is ideally located for exploring the ch\u00e2teaux of the Loire Valley:<br \/>\nChenonceau, Villandry, Amboise, Azay-le-Rideau, as well as the vineyards of the Loire Valley and the city of Tours.<\/p>\n<\/div><\/div><\/div><div class=\"fusion-panel panel-default panel-f8b4f478b555a502b fusion-toggle-no-divider\" style=\"--awb-title-color:var(--awb-color8);--awb-content-color:var(--awb-color8);\"><div class=\"panel-heading\"><h4 class=\"panel-title toggle\" id=\"toggle_f8b4f478b555a502b\"><a aria-expanded=\"false\" aria-controls=\"f8b4f478b555a502b\" role=\"button\" data-toggle=\"collapse\" data-parent=\"#accordion-39482-1\" data-target=\"#f8b4f478b555a502b\" href=\"#f8b4f478b555a502b\"><span class=\"fusion-toggle-icon-wrapper\" aria-hidden=\"true\"><i class=\"fa-fusion-box active-icon fa-minus fas\" aria-hidden=\"true\"><\/i><i class=\"fa-fusion-box inactive-icon fa-plus fas\" aria-hidden=\"true\"><\/i><\/span><span class=\"fusion-toggle-heading\">Reservations &amp; Offers<\/span><\/a><\/h4><\/div><div id=\"f8b4f478b555a502b\" class=\"panel-collapse collapse \" aria-labelledby=\"toggle_f8b4f478b555a502b\"><div class=\"panel-body toggle-content fusion-clearfix\">\n<p><strong>I received a gift box: how can I make a reservation?<\/strong><\/p>\n<p style=\"padding-left: 40px;\">You can contact us by phone or email, indicating the date you wish to visit and your gift voucher number.<\/p>\n<p><strong>How can I get the best rate?<\/strong><\/p>\n<p style=\"padding-left: 40px;\">The best rate is guaranteed on our official website.<br \/>\nBy booking directly, you can take advantage of our exclusive offers and additional benefits.<\/p>\n<p><strong>Are the offers cancellable?<\/strong><\/p>\n<p style=\"padding-left: 40px;\">Most of our offers include free cancellation up to two days before arrival.<br \/>\nThe conditions are specified at the time of booking.<\/p>\n<p><strong>Do you offer gift boxes?<\/strong><\/p>\n<p style=\"padding-left: 40px;\">Yes, our online store offers wonderful gift boxes:<br \/>\nromantic getaways, gourmet dinners, spa treatments, and wellness retreats.<\/p>\n<\/div><\/div><\/div><div class=\"fusion-panel panel-default panel-9ba36628969630aea fusion-toggle-no-divider\" style=\"--awb-title-color:var(--awb-color8);--awb-content-color:var(--awb-color8);\"><div class=\"panel-heading\"><h4 class=\"panel-title toggle\" id=\"toggle_9ba36628969630aea\"><a aria-expanded=\"false\" aria-controls=\"9ba36628969630aea\" role=\"button\" data-toggle=\"collapse\" data-parent=\"#accordion-39482-1\" data-target=\"#9ba36628969630aea\" href=\"#9ba36628969630aea\"><span class=\"fusion-toggle-icon-wrapper\" aria-hidden=\"true\"><i class=\"fa-fusion-box active-icon fa-minus fas\" aria-hidden=\"true\"><\/i><i class=\"fa-fusion-box inactive-icon fa-plus fas\" aria-hidden=\"true\"><\/i><\/span><span class=\"fusion-toggle-heading\">Events &amp; Seminars<\/span><\/a><\/h4><\/div><div id=\"9ba36628969630aea\" class=\"panel-collapse collapse \" aria-labelledby=\"toggle_9ba36628969630aea\"><div class=\"panel-body toggle-content fusion-clearfix\">\n<p><strong>Can we organize a wedding or family meal at the Ch\u00e2teau?<\/strong><\/p>\n<p style=\"padding-left: 40px;\">Yes, we can organize your wedding, baptism, birthday, or family event meals in our period rooms or on the ch\u00e2teau terrace.<\/p>\n<p><strong>Do you host corporate seminars?<\/strong><\/p>\n<p style=\"padding-left: 40px;\">Yes, our sales team will assist you in organizing seminars, meetings, cocktail parties, and gala dinners in a prestigious setting.<\/p>\n<p><strong>Who should I contact to organize an event?<\/strong><\/p>\n<p style=\"padding-left: 40px;\">Contact our sales department:<br \/>\ncommercial@artigny.com commercial.interne@artigny.com<br \/>\nTel: +33 (0)2 47 34 30 32 \/ +33 (0)2 47 34 30 35<\/p>\n<\/div><\/div><\/div><\/div><\/div><\/div><\/div><\/div><\/div><\/p>\n","protected":false},"excerpt":{"rendered":"","protected":false},"author":1,"featured_media":0,"parent":0,"menu_order":0,"comment_status":"open","ping_status":"closed","template":"100-width.php","meta":{"_seopress_robots_primary_cat":"","_seopress_titles_title":"Discover Luxury at Ch\u00e2teau d&#039;Artigny: FAQs Answered","_seopress_titles_desc":"Discover insights and details about Ch\u00e2teau d&#039;Artigny. Get answers to frequently asked questions for an unforgettable stay.","_seopress_robots_index":"","footnotes":""},"class_list":["post-39482","page","type-page","status-publish","hentry"],"_links":{"self":[{"href":"https:\/\/www.chateauartigny.com\/en\/wp-json\/wp\/v2\/pages\/39482","targetHints":{"allow":["GET"]}}],"collection":[{"href":"https:\/\/www.chateauartigny.com\/en\/wp-json\/wp\/v2\/pages"}],"about":[{"href":"https:\/\/www.chateauartigny.com\/en\/wp-json\/wp\/v2\/types\/page"}],"author":[{"embeddable":true,"href":"https:\/\/www.chateauartigny.com\/en\/wp-json\/wp\/v2\/users\/1"}],"replies":[{"embeddable":true,"href":"https:\/\/www.chateauartigny.com\/en\/wp-json\/wp\/v2\/comments?post=39482"}],"version-history":[{"count":6,"href":"https:\/\/www.chateauartigny.com\/en\/wp-json\/wp\/v2\/pages\/39482\/revisions"}],"predecessor-version":[{"id":39677,"href":"https:\/\/www.chateauartigny.com\/en\/wp-json\/wp\/v2\/pages\/39482\/revisions\/39677"}],"wp:attachment":[{"href":"https:\/\/www.chateauartigny.com\/en\/wp-json\/wp\/v2\/media?parent=39482"}],"curies":[{"name":"wp","href":"https:\/\/api.w.org\/{rel}","templated":true}]}}