{"id":33062,"date":"2025-07-10T22:53:43","date_gmt":"2025-07-10T20:53:43","guid":{"rendered":"https:\/\/www.chateauartigny.com\/le-club-enfant-leur-royaume-pour-lete\/"},"modified":"2025-07-10T23:19:31","modified_gmt":"2025-07-10T21:19:31","slug":"kids-club-their-summer-kingdom","status":"publish","type":"page","link":"https:\/\/www.chateauartigny.com\/en\/kids-club-their-summer-kingdom\/","title":{"rendered":"Kids&#8217; Club: their summer kingdom"},"content":{"rendered":"<p><div class=\"fusion-fullwidth fullwidth-box fusion-builder-row-1 fusion-flex-container has-pattern-background has-mask-background fusion-parallax-none nonhundred-percent-fullwidth non-hundred-percent-height-scrolling fusion-animated\" style=\"--awb-background-position:center top;--awb-border-sizes-left:0;--awb-border-sizes-right:0;--awb-border-radius-top-left:0px;--awb-border-radius-top-right:0px;--awb-border-radius-bottom-right:0px;--awb-border-radius-bottom-left:0px;--awb-padding-right:0px;--awb-padding-left:0px;--awb-min-height:950px;--awb-background-image:url(&quot;https:\/\/www.chateauartigny.com\/wp-content\/uploads\/club_enfant_2.jpg&quot;);--awb-background-size:cover;--awb-flex-wrap:wrap;\" data-animationType=\"fadeInDown\" data-animationDuration=\"1.5\" data-animationOffset=\"top-mid-of-view\" ><div class=\"fusion-builder-row fusion-row fusion-flex-align-items-stretch fusion-flex-justify-content-center fusion-flex-content-wrap\" style=\"max-width:1185.6px;margin-left: calc(-4% \/ 2 );margin-right: calc(-4% \/ 2 );\"><\/div><\/div><div class=\"fusion-fullwidth fullwidth-box fusion-builder-row-2 fusion-flex-container has-pattern-background has-mask-background nonhundred-percent-fullwidth non-hundred-percent-height-scrolling\" style=\"--awb-border-radius-top-left:0px;--awb-border-radius-top-right:0px;--awb-border-radius-bottom-right:0px;--awb-border-radius-bottom-left:0px;--awb-padding-top:60px;--awb-padding-top-small:20px;--awb-margin-top:60px;--awb-margin-top-small:20px;--awb-flex-wrap:wrap;\" ><div class=\"fusion-builder-row fusion-row fusion-flex-align-items-center fusion-flex-justify-content-center fusion-flex-content-wrap\" style=\"max-width:1185.6px;margin-left: calc(-4% \/ 2 );margin-right: calc(-4% \/ 2 );\"><div class=\"fusion-layout-column fusion_builder_column fusion-builder-column-0 fusion_builder_column_2_3 2_3 fusion-flex-column\" style=\"--awb-bg-size:cover;--awb-width-large:66.666666666667%;--awb-margin-top-large:0px;--awb-spacing-right-large:2.88%;--awb-margin-bottom-large:20px;--awb-spacing-left-large:2.88%;--awb-width-medium:100%;--awb-order-medium:0;--awb-spacing-right-medium:1.92%;--awb-spacing-left-medium:1.92%;--awb-width-small:100%;--awb-order-small:0;--awb-spacing-right-small:1.92%;--awb-spacing-left-small:1.92%;\"><div class=\"fusion-column-wrapper fusion-column-has-shadow fusion-flex-justify-content-center fusion-content-layout-column\"><div class=\"fusion-image-element \" style=\"text-align:center;--awb-margin-bottom:20px;--awb-margin-bottom-small:10px;--awb-max-width:35px;--awb-caption-title-font-family:var(--h2_typography-font-family);--awb-caption-title-font-weight:var(--h2_typography-font-weight);--awb-caption-title-font-style:var(--h2_typography-font-style);--awb-caption-title-size:var(--h2_typography-font-size);--awb-caption-title-transform:var(--h2_typography-text-transform);--awb-caption-title-line-height:var(--h2_typography-line-height);--awb-caption-title-letter-spacing:var(--h2_typography-letter-spacing);\"><span class=\" fusion-imageframe imageframe-none imageframe-1 hover-type-none\"><img decoding=\"async\" width=\"126\" height=\"51\" title=\"cle\" src=\"https:\/\/www.chateauartigny.com\/wp-content\/uploads\/2023\/02\/cle.png\" alt class=\"img-responsive wp-image-3741\"\/><\/span><\/div><div class=\"fusion-title title fusion-title-1 fusion-title-center fusion-title-text fusion-title-size-two\" style=\"--awb-margin-top:20px;--awb-margin-bottom:30px;--awb-margin-top-small:0px;--awb-margin-right-small:0px;--awb-margin-bottom-small:15px;--awb-margin-left-small:0px;--awb-font-size:var(--awb-typography1-font-size);\"><div class=\"title-sep-container title-sep-container-left\"><div class=\"title-sep sep- sep-solid\" style=\"border-color:var(--awb-color3);\"><\/div><\/div><span class=\"awb-title-spacer\"><\/span><h2 class=\"fusion-title-heading title-heading-center fusion-responsive-typography-calculated\" style=\"font-family:&quot;SangbleuKingdom light &quot;;font-style:normal;font-weight:400;margin:0;letter-spacing:var(--awb-typography1-letter-spacing);text-transform:uppercase;font-size:1em;--fontSize:28;line-height:1;\">Kids&#8217; Club: their summer kingdom<\/h2><span class=\"awb-title-spacer\"><\/span><div class=\"title-sep-container title-sep-container-right\"><div class=\"title-sep sep- sep-solid\" style=\"border-color:var(--awb-color3);\"><\/div><\/div><\/div><div class=\"fusion-text fusion-text-1\" style=\"--awb-font-size:var(--awb-typography4-font-size);--awb-line-height:var(--awb-typography4-line-height);--awb-letter-spacing:var(--awb-typography4-letter-spacing);--awb-text-transform:var(--awb-typography4-text-transform);--awb-margin-top:20px;--awb-text-font-family:&quot;SangbleuKingdom light &quot;;--awb-text-font-style:normal;--awb-text-font-weight:400;\"><p>At Ch\u00e2teau d&#8217;Artigny, family vacations mean fun for all. While you enjoy a quiet moment at the spa, a game of padel or simply a drink on the terrace, your children will enjoy an enchanted interlude at the Children&#8217;s Club, supervised by a qualified activity leader.<\/p>\n<p>Every Saturday in July and August, from 4.30pm to 6pm, we welcome children aged 4 to 10 for an afternoon of games, laughter and creativity:<br \/>\n\ud83c\udfa8 Make-up<br \/>\n\ud83c\udf88 Balloon sculptures<br \/>\n\ud83c\udfb2 Outdoor games<br \/>\n\ud83c\udfbe Introduction to padel<br \/>\n\ud83c\udf6a Convivial snack<\/p>\n<p>Our animator is fluent in French and English, and also has a basic knowledge of Spanish.<\/p>\n<p>Price: \u20ac25 per child, upon registration.<\/p>\n<p data-start=\"198\" data-end=\"313\">\ud83d\udca1 In the meantime, you can relax in complete peace of mind: we&#8217;ll take care of everything so that your children have an unforgettable time&#8230; and so will you!<\/p>\n<\/div><\/div><\/div><\/div><\/div><div class=\"fusion-fullwidth fullwidth-box fusion-builder-row-3 fusion-flex-container has-pattern-background has-mask-background hundred-percent-fullwidth non-hundred-percent-height-scrolling\" style=\"--awb-border-radius-top-left:0px;--awb-border-radius-top-right:0px;--awb-border-radius-bottom-right:0px;--awb-border-radius-bottom-left:0px;--awb-overflow:visible;--awb-padding-bottom:0px;--awb-padding-top-small:60px;--awb-padding-bottom-small:0px;--awb-margin-top:40px;--awb-margin-bottom:0px;--awb-margin-top-medium:0px;--awb-margin-bottom-medium:0px;--awb-margin-bottom-small:3px;--awb-flex-wrap:wrap;\" ><div class=\"fusion-builder-row fusion-row fusion-flex-align-items-stretch fusion-flex-justify-content-center fusion-flex-content-wrap\" style=\"width:calc( 100% + 0px ) !important;max-width:calc( 100% + 0px ) !important;margin-left: calc(-0px \/ 2 );margin-right: calc(-0px \/ 2 );\"><div class=\"fusion-layout-column fusion_builder_column fusion-builder-column-1 fusion_builder_column_1_1 1_1 fusion-flex-column\" style=\"--awb-padding-right:50px;--awb-padding-left:50px;--awb-bg-position:right bottom;--awb-bg-blend:overlay;--awb-bg-size:cover;--awb-width-large:100%;--awb-margin-top-large:45px;--awb-spacing-right-large:0px;--awb-margin-bottom-large:39px;--awb-spacing-left-large:0px;--awb-width-medium:100%;--awb-margin-top-medium:0px;--awb-spacing-right-medium:0px;--awb-margin-bottom-medium:0px;--awb-spacing-left-medium:0px;--awb-width-small:100%;--awb-margin-top-small:0px;--awb-spacing-right-small:0px;--awb-spacing-left-small:0px;\"><div class=\"fusion-column-wrapper fusion-flex-justify-content-center fusion-content-layout-column\"><div class=\"fusion-image-element \" style=\"text-align:center;--awb-margin-bottom:0px;--awb-margin-bottom-small:10px;--awb-max-width:35px;--awb-caption-title-font-family:var(--h2_typography-font-family);--awb-caption-title-font-weight:var(--h2_typography-font-weight);--awb-caption-title-font-style:var(--h2_typography-font-style);--awb-caption-title-size:var(--h2_typography-font-size);--awb-caption-title-transform:var(--h2_typography-text-transform);--awb-caption-title-line-height:var(--h2_typography-line-height);--awb-caption-title-letter-spacing:var(--h2_typography-letter-spacing);\"><span class=\" fusion-imageframe imageframe-none imageframe-2 hover-type-none\"><img decoding=\"async\" width=\"126\" height=\"51\" title=\"cle\" src=\"https:\/\/www.chateauartigny.com\/wp-content\/uploads\/2023\/02\/cle.png\" alt class=\"img-responsive wp-image-3741\"\/><\/span><\/div><div class=\"fusion-title title fusion-title-2 fusion-title-center fusion-title-text fusion-title-size-two\" style=\"--awb-margin-top:20px;--awb-margin-bottom:30px;--awb-margin-top-small:0px;--awb-margin-right-small:0px;--awb-margin-bottom-small:15px;--awb-margin-left-small:0px;--awb-font-size:var(--awb-typography1-font-size);\"><div class=\"title-sep-container title-sep-container-left\"><div class=\"title-sep sep- sep-solid\" style=\"border-color:var(--awb-color3);\"><\/div><\/div><span class=\"awb-title-spacer\"><\/span><h2 class=\"fusion-title-heading title-heading-center fusion-responsive-typography-calculated\" style=\"font-family:&quot;SangbleuKingdom light &quot;;font-style:normal;font-weight:400;margin:0;text-transform:uppercase;font-size:1em;--fontSize:28;line-height:1;\">experiences at the castle<\/h2><span class=\"awb-title-spacer\"><\/span><div class=\"title-sep-container title-sep-container-right\"><div class=\"title-sep sep- sep-solid\" style=\"border-color:var(--awb-color3);\"><\/div><\/div><\/div><\/div><\/div><div class=\"fusion-layout-column fusion_builder_column fusion-builder-column-2 fusion_builder_column_1_1 1_1 fusion-flex-column\" style=\"--awb-bg-size:cover;--awb-width-large:100%;--awb-margin-top-large:0px;--awb-spacing-right-large:0px;--awb-margin-bottom-large:0px;--awb-spacing-left-large:0px;--awb-width-medium:100%;--awb-order-medium:0;--awb-spacing-right-medium:0px;--awb-spacing-left-medium:0px;--awb-width-small:100%;--awb-order-small:0;--awb-spacing-right-small:0px;--awb-margin-bottom-small:0px;--awb-spacing-left-small:0px;\"><div class=\"fusion-column-wrapper fusion-column-has-shadow fusion-flex-justify-content-space-evenly fusion-content-layout-column\"><div class=\"fusion-image-carousel fusion-image-carousel-auto fusion-image-carousel-1\"><div class=\"awb-carousel awb-swiper awb-swiper-carousel awb-carousel--carousel awb-swiper-dots-position-below\" data-layout=\"carousel\" data-autoplay=\"no\" data-autoplayspeed=\"2500\" data-autoplaypause=\"no\" data-columns=\"3.5\" data-columnsmedium=\"1\" data-columnssmall=\"1\" data-itemmargin=\"8\" data-itemwidth=\"180\" data-touchscroll=\"no\" data-freemode=\"no\" data-imagesize=\"auto\" data-scrollitems=\"0\" data-centeredslides=\"no\" data-rotationangle=\"0\" data-depth=\"0\" data-speed=\"500\" data-shadow=\"no\" data-pagination=\"bullets\" style=\"--awb-columns:3.5;--awb-column-spacing:8px;--awb-caption-title-color:var(--awb-color1);--awb-caption-title-size:30px;--awb-caption-title-line-height:40px;--awb-caption-text-color:var(--awb-color1);--awb-caption-text-size:20px;--awb-caption-border-color:var(--awb-color4);--awb-caption-overlay-color:rgba(0,0,0,0.58);--awb-arrow-color:var(--awb-color1);--awb-arrow-hover-color:var(--awb-color1);--awb-dots-color:var(--awb-color4);--awb-dots-active-color:var(--awb-custom_color_1);--awb-dots-size:12px;--awb-dots-spacing:18px;--awb-dots-margin-bottom:30px;--awb-dots-align:center;--awb-caption-title-font-family:&quot;SangbleuKingdom light &quot;;--awb-caption-title-font-style:normal;--awb-caption-title-font-weight:400;--awb-caption-text-font-family:&quot;SangbleuKingdom light &quot;;--awb-caption-text-font-style:normal;--awb-caption-text-font-weight:400;\"><div class=\"swiper-wrapper awb-image-carousel-wrapper fusion-flex-align-items-center\"><div class=\"swiper-slide\"><div class=\"fusion-carousel-item-wrapper\"><div class=\"fusion-image-wrapper awb-imageframe-style awb-imageframe-style-resa\"><a href=\"https:\/\/www.chateauartigny.com\/en\/calendar-and-offers\/\" target=\"_blank\" rel=\"noopener noreferrer\"><img decoding=\"async\" width=\"2500\" height=\"1875\" src=\"https:\/\/www.chateauartigny.com\/wp-content\/uploads\/art_offres-e1761385024563.jpg\" class=\"attachment-full size-full\" alt=\"\" \/><div class=\"awb-imageframe-caption-container\"><div class=\"awb-imageframe-caption\"><h2 class=\"awb-imageframe-caption-title\">Calendar &amp; Offers<\/h2><\/div><\/div><\/a><\/div><\/div><\/div><div class=\"swiper-slide\"><div class=\"fusion-carousel-item-wrapper\"><div class=\"fusion-image-wrapper awb-imageframe-style awb-imageframe-style-resa\"><a href=\"https:\/\/www.chateauartigny.com\/en\/offers\/sunday-brunchs\/\" target=\"_self\"><img decoding=\"async\" width=\"1000\" height=\"1000\" src=\"https:\/\/www.chateauartigny.com\/wp-content\/uploads\/brunch_1125-1.jpg\" class=\"attachment-full size-full\" alt=\"Elegant dining room with painting and chandelier\" srcset=\"https:\/\/www.chateauartigny.com\/wp-content\/uploads\/brunch_1125-1-200x200.jpg 200w, https:\/\/www.chateauartigny.com\/wp-content\/uploads\/brunch_1125-1-400x400.jpg 400w, https:\/\/www.chateauartigny.com\/wp-content\/uploads\/brunch_1125-1-600x600.jpg 600w, https:\/\/www.chateauartigny.com\/wp-content\/uploads\/brunch_1125-1-800x800.jpg 800w, https:\/\/www.chateauartigny.com\/wp-content\/uploads\/brunch_1125-1.jpg 1000w\" sizes=\"(min-width: 2200px) 100vw, (min-width: 1129px) 375px, (min-width: 1037px) 562px, (min-width: 945px) 1037px, \" \/><div class=\"awb-imageframe-caption-container\"><div class=\"awb-imageframe-caption\"><h2 class=\"awb-imageframe-caption-title\">Brunch<\/h2><\/div><\/div><\/a><\/div><\/div><\/div><div class=\"swiper-slide\"><div class=\"fusion-carousel-item-wrapper\"><div class=\"fusion-image-wrapper awb-imageframe-style awb-imageframe-style-resa\"><a href=\"https:\/\/www.chateauartigny.com\/en\/new-for-summer-2025\/\" target=\"_blank\" rel=\"noopener noreferrer\"><img decoding=\"async\" width=\"1935\" height=\"1697\" src=\"https:\/\/www.chateauartigny.com\/wp-content\/uploads\/chateau_artigny_2025_piscine_tennis_padle-13-e1761748955918.jpg\" class=\"attachment-full size-full\" alt=\"\" \/><div class=\"awb-imageframe-caption-container\"><div class=\"awb-imageframe-caption\"><h2 class=\"awb-imageframe-caption-title\">Sports &amp; Wellness<\/h2><p class=\"awb-imageframe-caption-text\"> <\/p><\/div><\/div><\/a><\/div><\/div><\/div><\/div><div class=\"swiper-pagination\"><\/div><div class=\"awb-swiper-button awb-swiper-button-prev\"><i class=\"icon-ui-add\" aria-hidden=\"true\"><\/i><\/div><div class=\"awb-swiper-button awb-swiper-button-next\"><i class=\"icon-ui-align\" aria-hidden=\"true\"><\/i><\/div><\/div><\/div><\/div><\/div><\/div><\/div>\n<\/p>\n","protected":false},"excerpt":{"rendered":"","protected":false},"author":1,"featured_media":0,"parent":0,"menu_order":0,"comment_status":"open","ping_status":"closed","template":"100-width.php","meta":{"_seopress_robots_primary_cat":"","_seopress_titles_title":"D\u00e9couvrez les activit\u00e9s au Ch\u00e2teau d'Artigny","_seopress_titles_desc":"D\u00e9couvrez les activit\u00e9s propos\u00e9es au Ch\u00e2teau d'Artigny : visites guid\u00e9es, expositions, spectacles et plus encore. R\u00e9servez votre exp\u00e9rience d\u00e8s maintenant !","_seopress_robots_index":"","footnotes":""},"class_list":["post-33062","page","type-page","status-publish","hentry"],"_links":{"self":[{"href":"https:\/\/www.chateauartigny.com\/en\/wp-json\/wp\/v2\/pages\/33062","targetHints":{"allow":["GET"]}}],"collection":[{"href":"https:\/\/www.chateauartigny.com\/en\/wp-json\/wp\/v2\/pages"}],"about":[{"href":"https:\/\/www.chateauartigny.com\/en\/wp-json\/wp\/v2\/types\/page"}],"author":[{"embeddable":true,"href":"https:\/\/www.chateauartigny.com\/en\/wp-json\/wp\/v2\/users\/1"}],"replies":[{"embeddable":true,"href":"https:\/\/www.chateauartigny.com\/en\/wp-json\/wp\/v2\/comments?post=33062"}],"version-history":[{"count":4,"href":"https:\/\/www.chateauartigny.com\/en\/wp-json\/wp\/v2\/pages\/33062\/revisions"}],"predecessor-version":[{"id":33081,"href":"https:\/\/www.chateauartigny.com\/en\/wp-json\/wp\/v2\/pages\/33062\/revisions\/33081"}],"wp:attachment":[{"href":"https:\/\/www.chateauartigny.com\/en\/wp-json\/wp\/v2\/media?parent=33062"}],"curies":[{"name":"wp","href":"https:\/\/api.w.org\/{rel}","templated":true}]}}