{"id":7446,"date":"2023-11-28T18:18:54","date_gmt":"2023-11-28T17:18:54","guid":{"rendered":"https:\/\/www.chateauartigny.com\/sitemaps\/"},"modified":"2023-11-28T18:26:41","modified_gmt":"2023-11-28T17:26:41","slug":"sitemaps","status":"publish","type":"page","link":"https:\/\/www.chateauartigny.com\/de\/sitemaps\/","title":{"rendered":"Sitemaps"},"content":{"rendered":"<p><div class=\"fusion-fullwidth fullwidth-box fusion-builder-row-1 fusion-flex-container has-pattern-background has-mask-background hundred-percent-fullwidth non-hundred-percent-height-scrolling fusion-no-small-visibility\" style=\"--awb-border-radius-top-left:0px;--awb-border-radius-top-right:0px;--awb-border-radius-bottom-right:0px;--awb-border-radius-bottom-left:0px;--awb-padding-top:0px;--awb-flex-wrap:wrap;\" ><div class=\"fusion-builder-row fusion-row fusion-flex-align-items-flex-start fusion-flex-content-wrap\" style=\"width:104% !important;max-width:104% !important;margin-left: calc(-4% \/ 2 );margin-right: calc(-4% \/ 2 );\"><\/div><\/div><div class=\"fusion-fullwidth fullwidth-box fusion-builder-row-2 fusion-flex-container has-pattern-background has-mask-background hundred-percent-fullwidth non-hundred-percent-height-scrolling fusion-no-small-visibility\" style=\"--awb-border-radius-top-left:0px;--awb-border-radius-top-right:0px;--awb-border-radius-bottom-right:0px;--awb-border-radius-bottom-left:0px;--awb-padding-right:37px;--awb-padding-bottom:9px;--awb-margin-bottom:0px;--awb-background-color:#d2d2d2;--awb-flex-wrap:wrap;\" ><div class=\"fusion-builder-row fusion-row fusion-flex-align-items-flex-start fusion-flex-content-wrap\" style=\"width:104% !important;max-width:104% !important;margin-left: calc(-4% \/ 2 );margin-right: calc(-4% \/ 2 );\"><div class=\"fusion-layout-column fusion_builder_column fusion-builder-column-0 fusion_builder_column_1_1 1_1 fusion-flex-column\" style=\"--awb-padding-top:28px;--awb-padding-right:25px;--awb-padding-left:25px;--awb-padding-left-small:0px;--awb-bg-color:#ffffff;--awb-bg-color-hover:#ffffff;--awb-bg-size:cover;--awb-width-large:100%;--awb-margin-top-large:27px;--awb-spacing-right-large:1.056%;--awb-margin-bottom-large:20px;--awb-spacing-left-large:1.92%;--awb-width-medium:100%;--awb-order-medium:0;--awb-spacing-right-medium:1.92%;--awb-spacing-left-medium:1.92%;--awb-width-small:100%;--awb-order-small:0;--awb-spacing-right-small:1.92%;--awb-spacing-left-small:1.92%;\"><div class=\"fusion-column-wrapper fusion-column-has-shadow fusion-flex-justify-content-flex-start fusion-content-layout-column\"><div class=\"wrap-html-sitemap sp-html-sitemap\"><div class=\"sp-wrap-cpt\"><h2 class=\"sp-cpt-name\">Seiten<\/h2><ul class=\"sp-list-posts sp-cpt-hierarchical\"><li class=\"page_item page-item-42687\"><a href=\"https:\/\/www.chateauartigny.com\/de\/faq\/\">FAQ \u2013 Ch\u00e2teau d\u2019Artigny, H\u00f4tel 5 \u00e9toiles en Vall\u00e9e de la Loire<\/a><\/li><li class=\"page_item page-item-24934\"><a href=\"https:\/\/www.chateauartigny.com\/de\/reservierung\/\">Reservierung<\/a><\/li><li class=\"page_item page-item-45029\"><a href=\"https:\/\/www.chateauartigny.com\/de\/ideen-fuer-rundreisen\/\">Ideen f\u00fcr Rundreisen<\/a><ul class='children'><li class=\"page_item page-item-45062\"><a href=\"https:\/\/www.chateauartigny.com\/de\/ideen-fuer-rundreisen\/3-taegige-rundreise-durch-das-loire-tal-ab-paris\/\">3-t\u00e4gige Rundreise durch das Loire-Tal ab Paris<\/a><\/li><li class=\"page_item page-item-45073\"><a href=\"https:\/\/www.chateauartigny.com\/de\/ideen-fuer-rundreisen\/zweitaegiges-wochenende-im-loiretal-ab-paris\/\">Zweit\u00e4giges Wochenende im Loiretal ab Paris<\/a><\/li><li class=\"page_item page-item-45071\"><a href=\"https:\/\/www.chateauartigny.com\/de\/ideen-fuer-rundreisen\/rundreisen-in-der-touraine\/\">Rundreisen in der Touraine<\/a><\/li><li class=\"page_item page-item-45047\"><a href=\"https:\/\/www.chateauartigny.com\/de\/ideen-fuer-rundreisen\/3-taegige-rundreise-durch-das-loire-tal-zum-schloss-artigny-in-montbazon\/\">3-t\u00e4gige Rundreise durch das Loire-Tal zum Schloss Artigny in Montbazon<\/a><\/li><li class=\"page_item page-item-45034\"><a href=\"https:\/\/www.chateauartigny.com\/de\/ideen-fuer-rundreisen\/zweitaegige-rundreise-durch-die-touraine-zum-schloss-artigny-montbazon\/\">Zweit\u00e4gige Rundreise durch die Touraine zum Schloss Artigny Montbazon<\/a><\/li><\/ul><\/li><li class=\"page_item page-item-11169\"><a href=\"https:\/\/www.chateauartigny.com\/de\/aktivitaeten\/\">Aktivit\u00e4ten<\/a><\/li><li class=\"page_item page-item-8069\"><a href=\"https:\/\/www.chateauartigny.com\/de\/spa-in-der-touraine\/\">Spa in der Touraine<\/a><\/li><li class=\"page_item page-item-7446\"><a href=\"https:\/\/www.chateauartigny.com\/de\/sitemaps\/\">Sitemaps<\/a><\/li><li class=\"page_item page-item-7415\"><a href=\"https:\/\/www.chateauartigny.com\/de\/das-schloss\/\">Das Schloss<\/a><\/li><li class=\"page_item page-item-6716\"><a href=\"https:\/\/www.chateauartigny.com\/de\/geschichte\/\">Geschichte<\/a><\/li><li class=\"page_item page-item-6707\"><a href=\"https:\/\/www.chateauartigny.com\/de\/kontakt\/\">Kontakt<\/a><\/li><li class=\"page_item page-item-6720\"><a href=\"https:\/\/www.chateauartigny.com\/de\/die-galerie\/\">Die Galerie<\/a><\/li><li class=\"page_item page-item-6730\"><a href=\"https:\/\/www.chateauartigny.com\/de\/feierlichkeiten\/\">Feierlichkeiten<\/a><\/li><li class=\"page_item page-item-6748\"><a href=\"https:\/\/www.chateauartigny.com\/de\/spa\/\">Spa<\/a><\/li><li class=\"page_item page-item-6686\"><a href=\"https:\/\/www.chateauartigny.com\/de\/zimmer\/\">Zimmer<\/a><\/li><li class=\"page_item page-item-6722\"><a href=\"https:\/\/www.chateauartigny.com\/de\/das-restaurant\/\">Das Restaurant<\/a><\/li><li class=\"page_item page-item-6699\"><a href=\"https:\/\/www.chateauartigny.com\/de\/\">Accueil DE<\/a><\/li><\/ul><\/div><div class=\"sp-wrap-cpt\"><h2 class=\"sp-cpt-name\">Events<\/h2><div class=\"sp-archive-link\"><a href=\"https:\/\/www.chateauartigny.com\/de\/aufenthalt\/\">Zeige alle events<\/a><\/div><\/div><div class=\"sp-wrap-cpt\"><ul class=\"sp-list-posts\"><li><a href=\"https:\/\/www.chateauartigny.com\/en\/?p=41169\">Touraine: Get ready for a sophisticated and delightfully unconventional adventure.<\/a><\/li><li><a href=\"https:\/\/www.chateauartigny.com\/en\/?p=41157\">Venture beyond the ordinary and uncover the sophisticated and unconventional wonders of Touraine.<\/a><\/li><li><a href=\"https:\/\/www.chateauartigny.com\/en\/?p=41140\">Escape the ordinary and create lasting memories with the sophisticated and unconventional experiences Touraine has to offer.<\/a><\/li><li><a href=\"https:\/\/www.chateauartigny.com\/en\/?p=41131\">Touraine region is brimming with sophisticated and unconventional experiences waiting to be discovered.<\/a><\/li><li><a href=\"https:\/\/www.chateauartigny.com\/en\/?p=41119\">Discover a wealth of sophisticated and unconventional experiences in the Touraine region.<\/a><\/li><li><a href=\"https:\/\/www.chateauartigny.com\/en\/?p=41113\">Immerse yourself in the refined charm and unexpected delights of the Touraine region.<\/a><\/li><li><a href=\"https:\/\/www.chateauartigny.com\/en\/?p=41109\">Touraine region offers a wealth of sophisticated and unconventional experiences<\/a><\/li><li><a href=\"https:\/\/www.chateauartigny.com\/en\/?p=41102\">Experience Spring at Ch\u00e2teau d\u2019Artigny in Montbazon<\/a><\/li><li><a href=\"https:\/\/www.chateauartigny.com\/en\/?p=41091\">Springtime at Ch\u00e2teau d\u2019Artigny, Montbazon<\/a><\/li><li><a href=\"https:\/\/www.chateauartigny.com\/en\/?p=37100\">Spring stay at the Ch\u00e2teau d\u2019Artigny in Montbazon<\/a><\/li><li><a href=\"https:\/\/www.chateauartigny.com\/?p=38276\">test 2025<\/a><\/li><li><a href=\"https:\/\/www.chateauartigny.com\/en\/?p=37097\">Christmas and New Year at Ch\u00e2teau d\u2019Artigny<\/a><\/li><li><a href=\"https:\/\/www.chateauartigny.com\/en\/?p=37094\">Ch\u00e2teau d\u2019Artigny in December: Stay Inspirations<\/a><\/li><li><a href=\"https:\/\/www.chateauartigny.com\/en\/?p=37088\">Seasonal Experiences: December at Ch\u00e2teau d\u2019Artigny<\/a><\/li><li><a href=\"https:\/\/www.chateauartigny.com\/en\/?p=37082\">December Stay Ideas at Ch\u00e2teau d\u2019Artigny<\/a><\/li><li><a href=\"https:\/\/www.chateauartigny.com\/en\/?p=37080\">Seasonal Inspirations: November at Ch\u00e2teau d\u2019Artigny<\/a><\/li><li><a href=\"https:\/\/www.chateauartigny.com\/en\/?p=37077\">Autumn Escapes: November at Ch\u00e2teau d\u2019Artigny<\/a><\/li><li><a href=\"https:\/\/www.chateauartigny.com\/en\/?p=37075\">November Stay Ideas at Ch\u00e2teau d\u2019Artigny<\/a><\/li><li><a href=\"https:\/\/www.chateauartigny.com\/en\/?p=37072\">October Escapes at Ch\u00e2teau d\u2019Artigny<\/a><\/li><li><a href=\"https:\/\/www.chateauartigny.com\/en\/?p=37069\">Autumn Retreat Inspirations at Ch\u00e2teau d\u2019Artigny<\/a><\/li><li><a href=\"https:\/\/www.chateauartigny.com\/en\/?p=37067\">October Stay Ideas at Ch\u00e2teau d&#8217;Artigny<\/a><\/li><li><a href=\"https:\/\/www.chateauartigny.com\/en\/?p=29977\">activity ideas for five days in the Loire Valley<\/a><\/li><li><a href=\"https:\/\/www.chateauartigny.com\/en\/?p=29975\">activity ideas for four days in the Loire Valley<\/a><\/li><li><a href=\"https:\/\/www.chateauartigny.com\/en\/?p=29973\">activity ideas for three days in the Loire Valley<\/a><\/li><li><a href=\"https:\/\/www.chateauartigny.com\/en\/?p=29971\">activity ideas for two days in the Loire Valley<\/a><\/li><li><a href=\"https:\/\/www.chateauartigny.com\/es\/?p=36222\">ideas de actividades para dos d\u00edas en el Valle del Loira<\/a><\/li><li><a href=\"https:\/\/www.chateauartigny.com\/en\/?p=29969\">7-day trip to the Loire Valley from Paris<\/a><\/li><li><a href=\"https:\/\/www.chateauartigny.com\/en\/?p=29967\">6-Day Touraine Discovery Itinerary from Paris<\/a><\/li><li><a href=\"https:\/\/www.chateauartigny.com\/en\/?p=29963\">5-Day Loire Valley Discovery Itinerary from Paris<\/a><\/li><li><a href=\"https:\/\/www.chateauartigny.com\/en\/?p=29960\">4-day itinerary for discovering Touraine from Paris, staying at the luxurious Ch\u00e2teau d\u2019Artigny<\/a><\/li><li><a href=\"https:\/\/www.chateauartigny.com\/en\/?p=29956\">3-day itinerary for discovering the Val de Loire, staying at the luxurious Ch\u00e2teau d\u2019Artigny in Montbazon<\/a><\/li><li><a href=\"https:\/\/www.chateauartigny.com\/es\/?p=36225\">Itinerario de 3 d\u00edas para descubrir el Valle del Loira, aloj\u00e1ndose en el lujoso Ch\u00e2teau d&#8217;Artigny en Montbazon<\/a><\/li><li><a href=\"https:\/\/www.chateauartigny.com\/en\/?p=29952\">2-day itinerary for discovering Touraine while staying at the luxurious Ch\u00e2teau d\u2019Artigny<\/a><\/li><li><a href=\"https:\/\/www.chateauartigny.com\/es\/?p=36228\">Itinerario de 2 d\u00edas para descubrir Touraine aloj\u00e1ndose en el lujoso Ch\u00e2teau d&#8217;Artigny<\/a><\/li><li><a href=\"https:\/\/www.chateauartigny.com\/en\/?p=28508\">Essential Destinations in Centre-Val de Loire<\/a><\/li><li><a href=\"https:\/\/www.chateauartigny.com\/es\/?p=36231\">Destinos imprescindibles en Centre-Val de Loire<\/a><\/li><li><a href=\"https:\/\/www.chateauartigny.com\/en\/?p=28499\">Must-See Destinations in Centre-Val de Loire<\/a><\/li><li><a href=\"https:\/\/www.chateauartigny.com\/en\/?p=28495\">Top Attractions in Centre-Val de Loire<\/a><\/li><li><a href=\"https:\/\/www.chateauartigny.com\/es\/?p=36234\">Principales atracciones de Centre-Val de Loire<\/a><\/li><li><a href=\"https:\/\/www.chateauartigny.com\/en\/?p=28489\">Must-visit places in Centre-Val de Loire<\/a><\/li><li><a href=\"https:\/\/www.chateauartigny.com\/es\/?p=36264\">Lugares de visita obligada en Centre-Val de Loire<\/a><\/li><li><a href=\"https:\/\/www.chateauartigny.com\/en\/?p=28429\">Uncover the Advantages of Staying at Ch\u00e2teau d\u2019Artigny<\/a><\/li><li><a href=\"https:\/\/www.chateauartigny.com\/es\/?p=36237\">Descubra las ventajas de alojarse en el Ch\u00e2teau d&#8217;Artigny<\/a><\/li><li><a href=\"https:\/\/www.chateauartigny.com\/en\/?p=28426\">Explore the Benefits of a Stay at Ch\u00e2teau d\u2019Artigny<\/a><\/li><li><a href=\"https:\/\/www.chateauartigny.com\/es\/?p=36240\">Descubra las ventajas de la estancia \u00fanica en Chateau d&#8217;Artigny<\/a><\/li><li><a href=\"https:\/\/www.chateauartigny.com\/en\/?p=28422\">Discover the Advantages of Staying at Ch\u00e2teau d\u2019Artigny<\/a><\/li><li><a href=\"https:\/\/www.chateauartigny.com\/es\/?p=36243\">Discover the Advantages of Staying at Ch\u00e2teau d\u2019Artigny<\/a><\/li><li><a href=\"https:\/\/www.chateauartigny.com\/en\/?p=28419\">Family Vacation Ideas at Ch\u00e2teau d\u2019Artigny from Paris<\/a><\/li><li><a href=\"https:\/\/www.chateauartigny.com\/en\/?p=28416\">Family Getaway Ideas at Ch\u00e2teau d\u2019Artigny from Paris<\/a><\/li><li><a href=\"https:\/\/www.chateauartigny.com\/en\/?p=28410\">Family Getaway Ideas at Ch\u00e2teau d\u2019Artigny from Paris for Tourists<\/a><\/li><li><a href=\"https:\/\/www.chateauartigny.com\/en\/?p=27256\">Living the Ch\u00e2teau Life at Ch\u00e2teau d\u2019Artigny in Touraine<\/a><\/li><li><a href=\"https:\/\/www.chateauartigny.com\/es\/?p=31054\">Vivir la vida de un castillo en el Ch\u00e2teau d&#8217;Artigny, en Touraine<\/a><\/li><li><a href=\"https:\/\/www.chateauartigny.com\/es\/?p=31057\">Ideas tur\u00edsticas para visitantes cerca de Tours<\/a><\/li><li><a href=\"https:\/\/www.chateauartigny.com\/en\/?p=27255\">Tourism Ideas for Visitors Near Tours<\/a><\/li><li><a href=\"https:\/\/www.chateauartigny.com\/en\/?p=27254\">Tourism Ideas for Visitors Staying at Ch\u00e2teau d\u2019Artigny, Near Tours<\/a><\/li><li><a href=\"https:\/\/www.chateauartigny.com\/es\/?p=31060\">Ideas tur\u00edsticas para visitantes alojados en el castillo de Artigny, cerca de Tours<\/a><\/li><li><a href=\"https:\/\/www.chateauartigny.com\/en\/?p=27251\">Tourism Ideas Around Tours<\/a><\/li><li><a href=\"https:\/\/www.chateauartigny.com\/es\/?p=31063\">Ideas tur\u00edsticas en torno a los viajes<\/a><\/li><li><a href=\"https:\/\/www.chateauartigny.com\/en\/?p=27212\">Tourism Ideas Around Tours While Enjoying Ch\u00e2teau d\u2019Artigny<\/a><\/li><li><a href=\"https:\/\/www.chateauartigny.com\/es\/?p=31070\">Ideas tur\u00edsticas en torno a Tours mientras disfruta de Ch\u00e2teau d&#8217;Artigny<\/a><\/li><li><a href=\"https:\/\/www.chateauartigny.com\/en\/?p=26924\">Park Visits in Touraine<\/a><\/li><li><a href=\"https:\/\/www.chateauartigny.com\/es\/?p=30674\">Visitas al parque de Touraine<\/a><\/li><li><a href=\"https:\/\/www.chateauartigny.com\/en\/?p=26920\">Gourmet Experiences in Touraine<\/a><\/li><li><a href=\"https:\/\/www.chateauartigny.com\/es\/?p=30672\">Experiencias gourmet en Touraine<\/a><\/li><li><a href=\"https:\/\/www.chateauartigny.com\/en\/?p=26917\">Boat Tours from Tours While Enjoying Ch\u00e2teau d\u2019Artigny<\/a><\/li><li><a href=\"https:\/\/www.chateauartigny.com\/es\/?p=30670\">Paseos en barco desde Tours mientras disfruta del Ch\u00e2teau d\u2019Artigny<\/a><\/li><li><a href=\"https:\/\/www.chateauartigny.com\/en\/?p=26909\">Wine Cellar in Tours While Enjoying Ch\u00e2teau d\u2019Artigny<\/a><\/li><li><a href=\"https:\/\/www.chateauartigny.com\/es\/?p=30668\">Bodega de vinos en Tours mientras disfruta del Ch\u00e2teau d\u2019Artigny<\/a><\/li><li><a href=\"https:\/\/www.chateauartigny.com\/es\/?p=30666\">Ideas de visitas tur\u00edsticas en los alrededores de Ch\u00e2teau d&#8217;Artigny<\/a><\/li><li><a href=\"https:\/\/www.chateauartigny.com\/en\/?p=26903\">Tourist Visit Ideas Around Ch\u00e2teau d&#8217;Artigny<\/a><\/li><li><a href=\"https:\/\/www.chateauartigny.com\/en\/?p=26118\">Offers several advantages for tourists<\/a><\/li><li><a href=\"https:\/\/www.chateauartigny.com\/es\/?p=31073\">Ofrece varias ventajas a los turistas<\/a><\/li><li><a href=\"https:\/\/www.chateauartigny.com\/en\/?p=26116\">Romantic getaway at the Ch\u00e2teau d&#8217;Artigny<\/a><\/li><li><a href=\"https:\/\/www.chateauartigny.com\/es\/?p=31075\">Escapada rom\u00e1ntica al Ch\u00e2teau d&#8217;Artigny<\/a><\/li><li><a href=\"https:\/\/www.chateauartigny.com\/en\/?p=26114\">Family Getaway at Ch\u00e2teau d\u2019Artigny<\/a><\/li><li><a href=\"https:\/\/www.chateauartigny.com\/es\/?p=31078\">Escapada familiar a Ch\u00e2teau d&#8217;Artigny<\/a><\/li><li><a href=\"https:\/\/www.chateauartigny.com\/en\/?p=26104\">Family Getaway at Ch\u00e2teau d\u2019Artigny from Paris<\/a><\/li><li><a href=\"https:\/\/www.chateauartigny.com\/es\/?p=31081\">Escapada familiar a Ch\u00e2teau d&#8217;Artigny desde Par\u00eds<\/a><\/li><li><a href=\"https:\/\/www.chateauartigny.com\/en\/?p=26097\">Ideas for stays at the Ch\u00e2teau d&#8217;Artigny from Paris<\/a><\/li><li><a href=\"https:\/\/www.chateauartigny.com\/es\/?p=31083\">Ideas de estancias en el castillo de Artigny desde Par\u00eds<\/a><\/li><li><a href=\"https:\/\/www.chateauartigny.com\/en\/?p=26093\">Ideas for stays at the Ch\u00e2teau d&#8217;Artigny from Paris for tourists<\/a><\/li><li><a href=\"https:\/\/www.chateauartigny.com\/en\/?p=26090\">Ideas at Ch\u00e2teau d\u2019Artigny from Paris<\/a><\/li><li><a href=\"https:\/\/www.chateauartigny.com\/en\/?p=26084\">Ideas at Ch\u00e2teau d\u2019Artigny from Paris for American Travelers<\/a><\/li><li><a href=\"https:\/\/www.chateauartigny.com\/es\/?p=36218\">Ideas en Ch\u00e2teau d&#8217;Artigny desde Par\u00eds para viajeros espa\u00f1oles<\/a><\/li><li><a href=\"https:\/\/www.chateauartigny.com\/en\/?p=26030\">Luxury Getaway Ideas at Ch\u00e2teau d\u2019Artigny from Paris for American Travelers<\/a><\/li><li><a href=\"https:\/\/www.chateauartigny.com\/en\/?p=25833\">luxurious and historic ch\u00e2teau located in the Loire Valley of France<\/a><\/li><li><a href=\"https:\/\/www.chateauartigny.com\/es\/?p=36215\">lujoso e hist\u00f3rico castillo situado en el Valle del Loira franc\u00e9s<\/a><\/li><li><a href=\"https:\/\/www.chateauartigny.com\/?p=18663\">S\u00e9minaire en Pleine Nature au Ch\u00e2teau d&#8217;Artigny<\/a><\/li><li><a href=\"https:\/\/www.chateauartigny.com\/?p=18659\">S\u00e9minaire Nouvel Arrivant au Ch\u00e2teau d&#8217;Artigny<\/a><\/li><li><a href=\"https:\/\/www.chateauartigny.com\/?p=18657\">S\u00e9minaire d&#8217;entreprise de 2 jours en Val de Loire<\/a><\/li><li><a href=\"https:\/\/www.chateauartigny.com\/?p=18653\">S\u00e9minaire et team building insolite &#038; atypique pr\u00e8s de Tours<\/a><\/li><li><a href=\"https:\/\/www.chateauartigny.com\/?p=18651\">Lieu atypique pour s\u00e9minaire en Val de Loire<\/a><\/li><li><a href=\"https:\/\/www.chateauartigny.com\/?p=17570\">Le s\u00e9minaire de formation au Ch\u00e2teau d&#8217;Artigny pr\u00e8s de Tours<\/a><\/li><li><a href=\"https:\/\/www.chateauartigny.com\/?p=17566\">Ch\u00e2teau d\u2019Artigny en Touraine, un lieu id\u00e9al pour des s\u00e9minaires professionnels.<\/a><\/li><li><a href=\"https:\/\/www.chateauartigny.com\/?p=17560\">S\u00e9minaire de motivation au ch\u00e2teau d&#8217;Artigny en Touraine<\/a><\/li><li><a href=\"https:\/\/www.chateauartigny.com\/?p=17557\">S\u00e9minaire de management au Ch\u00e2teau d&#8217;Artigny : un cadre d&#8217;exception pour des dirigeants inspir\u00e9s<\/a><\/li><li><a href=\"https:\/\/www.chateauartigny.com\/?p=17555\">Organiser un s\u00e9minaire d&#8217;entreprise au Ch\u00e2teau d&#8217;Artigny en Val de Loire \u00e0 1h de Paris<\/a><\/li><li><a href=\"https:\/\/www.chateauartigny.com\/?p=16941\">S\u00e9minaire \u00e0 1h de Paris<\/a><\/li><li><a href=\"https:\/\/www.chateauartigny.com\/?p=16734\">Lieu de s\u00e9minaire en France<\/a><\/li><li><a href=\"https:\/\/www.chateauartigny.com\/?p=16730\">Organiser un s\u00e9minaire en centre val de Loire<\/a><\/li><li><a href=\"https:\/\/www.chateauartigny.com\/?p=16725\">Organisation s\u00e9minaire d entreprise dans un lieu prestigieux<\/a><\/li><li><a href=\"https:\/\/www.chateauartigny.com\/?p=16706\">s\u00e9minaire r\u00e9sidentiel dans un ch\u00e2teau vers Tours<\/a><\/li><li><a href=\"https:\/\/www.chateauartigny.com\/?p=16694\">S\u00e9minaire d&#8217;entreprise dans un ch\u00e2teau de la Loire en Touraine<\/a><\/li><li><a href=\"https:\/\/www.chateauartigny.com\/?p=16687\">organisation d&#8217;un s\u00e9minaire en France au ch\u00e2teau d&#8217;Artigny \u00e0 Montbazon pr\u00e8s de tours<\/a><\/li><li><a href=\"https:\/\/www.chateauartigny.com\/?p=16023\">L&#8217;endroit id\u00e9al pour organiser votre prochaine r\u00e9union, formation ou \u00e9v\u00e9nement professionnel<\/a><\/li><li><a href=\"https:\/\/www.chateauartigny.com\/?p=16022\">Planifiez un s\u00e9minaire d&#8217;entreprise m\u00e9morable dans un environnement paisible et inspirant !<\/a><\/li><li><a href=\"https:\/\/www.chateauartigny.com\/?p=16019\">H\u00e9bergement pour s\u00e9minaire d&#8217;entreprise privatis\u00e9 \u00e0 la campagne<\/a><\/li><li><a href=\"https:\/\/www.chateauartigny.com\/?p=16017\">Team building au Ch\u00e2teau d&#8217;Artigny pr\u00e8s de Tours<\/a><\/li><li><a href=\"https:\/\/www.chateauartigny.com\/?p=16007\">Journ\u00e9e de travail au Ch\u00e2teau d&#8217;Artigny pr\u00e8s de Tours<\/a><\/li><li><a href=\"https:\/\/www.chateauartigny.com\/?p=16005\">S\u00e9minaire au vert : une bouff\u00e9e d&#8217;air frais pour vos \u00e9quipes<\/a><\/li><li><a href=\"https:\/\/www.chateauartigny.com\/?p=16000\">S\u00e9minaire en pleine nature<\/a><\/li><li><a href=\"https:\/\/www.chateauartigny.com\/?p=14973\">Ch\u00e2teau H\u00f4tel pour s\u00e9minaire pr\u00e8s de Tours<\/a><\/li><li><a href=\"https:\/\/www.chateauartigny.com\/?p=14967\">S\u00e9minaire au vert au ch\u00e2teau d&#8217;Artigny pr\u00e8s de Tours<\/a><\/li><li><a href=\"https:\/\/www.chateauartigny.com\/?p=14144\">Cadeau d&#8217;entreprise dans un Ch\u00e2teau d&#8217;exception en Touraine<\/a><\/li><li><a href=\"https:\/\/www.chateauartigny.com\/?p=14069\">Journ\u00e9e de travail et S\u00e9minaires dans un Ch\u00e2teau d&#8217;exception en Val de Loire<\/a><\/li><li><a href=\"https:\/\/www.chateauartigny.com\/?p=14050\">S\u00e9minaire haut de gamme au coeur du Val de Loire<\/a><\/li><li><a href=\"https:\/\/www.chateauartigny.com\/?p=14043\">Soir\u00e9es d&#8217;entreprise au ch\u00e2teau d&#8217;Artigny pr\u00e8s de Tours<\/a><\/li><li><a href=\"https:\/\/www.chateauartigny.com\/?p=14040\">Salles de reunion pres de tours<\/a><\/li><li><a href=\"https:\/\/www.chateauartigny.com\/?p=14031\">S\u00e9minaire au vert dans un Ch\u00e2teau-H\u00f4tel en pleine nature<\/a><\/li><li><a href=\"https:\/\/www.chateauartigny.com\/?p=14028\">\u00c0 25 Minutes de Tours pour vos \u00e9v\u00e9nements Professionnels<\/a><\/li><li><a href=\"https:\/\/www.chateauartigny.com\/?p=14024\">Team Building et S\u00e9minaires dans un Ch\u00e2teau : Une Exp\u00e9rience Unique<\/a><\/li><li><a href=\"https:\/\/www.chateauartigny.com\/?p=14020\">D\u00e9couvrez le Ch\u00e2teau d&#8217;Artigny, un somptueux h\u00f4tel 5 \u00e9toiles pour vos s\u00e9minaires \u00e0 Tours.<\/a><\/li><li><a href=\"https:\/\/www.chateauartigny.com\/?p=13998\">S\u00e9minaire \u00e0 Tours avec notre h\u00f4tel restaurant spa Ch\u00e2teau d&#8217;Artigny<\/a><\/li><li><a href=\"https:\/\/www.chateauartigny.com\/?p=968\">Un ch\u00e2teau pour votre s\u00e9minaire \u00e0 Tours, des atouts pr\u00e9cieux<\/a><\/li><\/ul><\/div><\/div><\/div><\/div><\/div><\/div><\/p>\n","protected":false},"excerpt":{"rendered":"","protected":false},"author":1,"featured_media":0,"parent":0,"menu_order":0,"comment_status":"open","ping_status":"closed","template":"100-width.php","meta":{"_seopress_robots_primary_cat":"","_seopress_titles_title":"Entdecken Sie die pr\u00e4chtige Sch\u00f6nheit des Schloss Artigny mit unserer interaktiven Site Map!","_seopress_titles_desc":"Besuchen Sie unsere Website, um die Sitemaps des Ch\u00e2teau d&#039;Artigny zu entdecken. Erkunden Sie die verschiedenen Seiten und Inhalte auf einer praktischen \u00dcbersichtskarte.","_seopress_robots_index":"","footnotes":""},"class_list":["post-7446","page","type-page","status-publish","hentry"],"_links":{"self":[{"href":"https:\/\/www.chateauartigny.com\/de\/wp-json\/wp\/v2\/pages\/7446","targetHints":{"allow":["GET"]}}],"collection":[{"href":"https:\/\/www.chateauartigny.com\/de\/wp-json\/wp\/v2\/pages"}],"about":[{"href":"https:\/\/www.chateauartigny.com\/de\/wp-json\/wp\/v2\/types\/page"}],"author":[{"embeddable":true,"href":"https:\/\/www.chateauartigny.com\/de\/wp-json\/wp\/v2\/users\/1"}],"replies":[{"embeddable":true,"href":"https:\/\/www.chateauartigny.com\/de\/wp-json\/wp\/v2\/comments?post=7446"}],"version-history":[{"count":1,"href":"https:\/\/www.chateauartigny.com\/de\/wp-json\/wp\/v2\/pages\/7446\/revisions"}],"predecessor-version":[{"id":7448,"href":"https:\/\/www.chateauartigny.com\/de\/wp-json\/wp\/v2\/pages\/7446\/revisions\/7448"}],"wp:attachment":[{"href":"https:\/\/www.chateauartigny.com\/de\/wp-json\/wp\/v2\/media?parent=7446"}],"curies":[{"name":"wp","href":"https:\/\/api.w.org\/{rel}","templated":true}]}}